{"id":6996,"date":"2020-09-06T00:45:35","date_gmt":"2020-09-06T04:45:35","guid":{"rendered":"https:\/\/fleuretbonbon.com\/?post_type=product&#038;p=6996"},"modified":"2020-09-07T21:39:39","modified_gmt":"2020-09-08T01:39:39","slug":"soyeuse-vanille-fraise-gentiane","status":"publish","type":"product","link":"https:\/\/fleuretbonbon.com\/fr\/produit\/soyeuse-vanille-fraise-gentiane\/","title":{"rendered":"Soyeuse Vanille, Fraise, Gentiane"},"content":{"rendered":"<p>Kit de 3 \u00e9cheveaux Soyeuse Vanille, Fraise, Gentiane.<\/p>\n<p class=\"p1\">Pour plus d\u2019informations, cliquez sur le lien de chaque \u00e9cheveau.<\/p>\n<p><\/p>","protected":false},"excerpt":{"rendered":"<p>Prix pour le kit de 3 \u00e9cheveaux en dollars canadiens.<\/p>\n<p>Patrons sugg\u00e9r\u00e9s :<\/p>\n<p><a href=\"https:\/\/www.ravelry.com\/patterns\/library\/candy-36\" target=\"_blank\" rel=\"noopener noreferrer\"><img loading=\"lazy\" class=\"alignnone wp-image-1077 size-thumbnail\" src=\"https:\/\/fleuretbonbon.com\/wp-content\/uploads\/2019\/12\/Candy-150x150.jpg\" alt=\"\" width=\"150\" height=\"150\" srcset=\"https:\/\/fleuretbonbon.com\/wp-content\/uploads\/2019\/12\/Candy-150x150.jpg 150w, https:\/\/fleuretbonbon.com\/wp-content\/uploads\/2019\/12\/Candy-300x300.jpg 300w, https:\/\/fleuretbonbon.com\/wp-content\/uploads\/2019\/12\/Candy-75x75.jpg 75w, https:\/\/fleuretbonbon.com\/wp-content\/uploads\/2019\/12\/Candy-100x100.jpg 100w\" sizes=\"(max-width: 150px) 100vw, 150px\" \/><\/a><\/p>\n<p><a href=\"https:\/\/www.ravelry.com\/patterns\/library\/nature--sea\" target=\"_blank\" rel=\"noopener noreferrer\"><img loading=\"lazy\" class=\"alignnone wp-image-1078 size-thumbnail\" src=\"https:\/\/fleuretbonbon.com\/wp-content\/uploads\/2019\/12\/Nature-Sea-150x150.jpg\" alt=\"\" width=\"150\" height=\"150\" srcset=\"https:\/\/fleuretbonbon.com\/wp-content\/uploads\/2019\/12\/Nature-Sea-150x150.jpg 150w, https:\/\/fleuretbonbon.com\/wp-content\/uploads\/2019\/12\/Nature-Sea-300x300.jpg 300w, https:\/\/fleuretbonbon.com\/wp-content\/uploads\/2019\/12\/Nature-Sea-75x75.jpg 75w, https:\/\/fleuretbonbon.com\/wp-content\/uploads\/2019\/12\/Nature-Sea-100x100.jpg 100w\" sizes=\"(max-width: 150px) 100vw, 150px\" \/><\/a><\/p>\n<p><a href=\"https:\/\/www.ravelry.com\/patterns\/library\/flower-26\" target=\"_blank\" rel=\"noopener noreferrer\"><img loading=\"lazy\" class=\"alignnone wp-image-6927 size-thumbnail\" src=\"https:\/\/fleuretbonbon.com\/wp-content\/uploads\/2019\/12\/034-pts-150x150.jpg\" alt=\"\" width=\"150\" height=\"150\" srcset=\"https:\/\/fleuretbonbon.com\/wp-content\/uploads\/2019\/12\/034-pts-150x150.jpg 150w, https:\/\/fleuretbonbon.com\/wp-content\/uploads\/2019\/12\/034-pts-300x300.jpg 300w, https:\/\/fleuretbonbon.com\/wp-content\/uploads\/2019\/12\/034-pts-75x75.jpg 75w, https:\/\/fleuretbonbon.com\/wp-content\/uploads\/2019\/12\/034-pts-100x100.jpg 100w\" sizes=\"(max-width: 150px) 100vw, 150px\" \/><\/a><\/p>\n","protected":false},"featured_media":6997,"template":"","meta":{"spay_email":"","jetpack_publicize_message":"","jetpack_is_tweetstorm":false,"jetpack_publicize_feature_enabled":true},"yoast_head":"<!-- This site is optimized with the Yoast SEO plugin v19.0 - https:\/\/yoast.com\/wordpress\/plugins\/seo\/ -->\n<title>Soyeuse Vanille, Fraise, Gentiane - Fleur et Bonbon<\/title>\n<meta name=\"robots\" content=\"noindex, follow\" \/>\n<meta property=\"og:locale\" content=\"fr_FR\" \/>\n<meta property=\"og:type\" content=\"article\" \/>\n<meta property=\"og:title\" content=\"Soyeuse Vanille, Fraise, Gentiane - Fleur et Bonbon\" \/>\n<meta property=\"og:description\" content=\"[:fr]Prix pour le kit de 3 \u00e9cheveaux en dollars canadiens.  Patrons sugg\u00e9r\u00e9s :      [:en]The price is for the kit of 3 skeins in Canadian dollars.  Suggested patterns :      [:]\" \/>\n<meta property=\"og:url\" content=\"https:\/\/fleuretbonbon.com\/fr\/produit\/soyeuse-vanille-fraise-gentiane\/\" \/>\n<meta property=\"og:site_name\" content=\"Fleur et Bonbon\" \/>\n<meta property=\"article:modified_time\" content=\"2020-09-08T01:39:39+00:00\" \/>\n<meta property=\"og:image\" content=\"https:\/\/fleuretbonbon.com\/wp-content\/uploads\/2020\/09\/Soyeuse-Vanille-Fraise-Gentiane-scaled.jpg\" \/>\n\t<meta property=\"og:image:width\" content=\"1706\" \/>\n\t<meta property=\"og:image:height\" content=\"2560\" \/>\n\t<meta property=\"og:image:type\" content=\"image\/jpeg\" \/>\n<meta name=\"twitter:card\" content=\"summary_large_image\" \/>\n<script type=\"application\/ld+json\" class=\"yoast-schema-graph\">{\"@context\":\"https:\/\/schema.org\",\"@graph\":[{\"@type\":\"Organization\",\"@id\":\"https:\/\/fleuretbonbon.com\/fr\/#organization\",\"name\":\"Fleur et Bonbon\",\"url\":\"https:\/\/fleuretbonbon.com\/fr\/\",\"sameAs\":[],\"logo\":{\"@type\":\"ImageObject\",\"inLanguage\":\"fr-FR\",\"@id\":\"https:\/\/fleuretbonbon.com\/fr\/#\/schema\/logo\/image\/\",\"url\":\"https:\/\/fleuretbonbon.com\/wp-content\/uploads\/2019\/12\/Logo-final2.jpg\",\"contentUrl\":\"https:\/\/fleuretbonbon.com\/wp-content\/uploads\/2019\/12\/Logo-final2.jpg\",\"width\":1149,\"height\":155,\"caption\":\"Fleur et Bonbon\"},\"image\":{\"@id\":\"https:\/\/fleuretbonbon.com\/fr\/#\/schema\/logo\/image\/\"}},{\"@type\":\"WebSite\",\"@id\":\"https:\/\/fleuretbonbon.com\/fr\/#website\",\"url\":\"https:\/\/fleuretbonbon.com\/fr\/\",\"name\":\"Fleur et Bonbon\",\"description\":\"Laine teinte \u00e0 la main - Patrons de tricot\",\"publisher\":{\"@id\":\"https:\/\/fleuretbonbon.com\/fr\/#organization\"},\"potentialAction\":[{\"@type\":\"SearchAction\",\"target\":{\"@type\":\"EntryPoint\",\"urlTemplate\":\"https:\/\/fleuretbonbon.com\/fr\/?s={search_term_string}\"},\"query-input\":\"required name=search_term_string\"}],\"inLanguage\":\"fr-FR\"},{\"@type\":\"ImageObject\",\"inLanguage\":\"fr-FR\",\"@id\":\"https:\/\/fleuretbonbon.com\/fr\/produit\/soyeuse-vanille-fraise-gentiane\/#primaryimage\",\"url\":\"https:\/\/fleuretbonbon.com\/wp-content\/uploads\/2020\/09\/Soyeuse-Vanille-Fraise-Gentiane-scaled.jpg\",\"contentUrl\":\"https:\/\/fleuretbonbon.com\/wp-content\/uploads\/2020\/09\/Soyeuse-Vanille-Fraise-Gentiane-scaled.jpg\",\"width\":1706,\"height\":2560},{\"@type\":\"WebPage\",\"@id\":\"https:\/\/fleuretbonbon.com\/fr\/produit\/soyeuse-vanille-fraise-gentiane\/#webpage\",\"url\":\"https:\/\/fleuretbonbon.com\/fr\/produit\/soyeuse-vanille-fraise-gentiane\/\",\"name\":\"Soyeuse Vanille, Fraise, Gentiane - Fleur et Bonbon\",\"isPartOf\":{\"@id\":\"https:\/\/fleuretbonbon.com\/fr\/#website\"},\"primaryImageOfPage\":{\"@id\":\"https:\/\/fleuretbonbon.com\/fr\/produit\/soyeuse-vanille-fraise-gentiane\/#primaryimage\"},\"datePublished\":\"2020-09-06T04:45:35+00:00\",\"dateModified\":\"2020-09-08T01:39:39+00:00\",\"breadcrumb\":{\"@id\":\"https:\/\/fleuretbonbon.com\/fr\/produit\/soyeuse-vanille-fraise-gentiane\/#breadcrumb\"},\"inLanguage\":\"fr-FR\",\"potentialAction\":[{\"@type\":\"ReadAction\",\"target\":[\"https:\/\/fleuretbonbon.com\/fr\/produit\/soyeuse-vanille-fraise-gentiane\/\"]}]},{\"@type\":\"BreadcrumbList\",\"@id\":\"https:\/\/fleuretbonbon.com\/fr\/produit\/soyeuse-vanille-fraise-gentiane\/#breadcrumb\",\"itemListElement\":[{\"@type\":\"ListItem\",\"position\":1,\"name\":\"Accueil\",\"item\":\"https:\/\/fleuretbonbon.com\/fr\/\"},{\"@type\":\"ListItem\",\"position\":2,\"name\":\"Boutique\",\"item\":\"https:\/\/fleuretbonbon.com\/fr\/boutique\/\"},{\"@type\":\"ListItem\",\"position\":3,\"name\":\"Soyeuse Vanille, Fraise, Gentiane\"}]}]}<\/script>\n<!-- \/ Yoast SEO plugin. -->","yoast_head_json":{"title":"Soyeuse Vanille, Fraise, Gentiane - Fleur et Bonbon","robots":{"index":"noindex","follow":"follow"},"og_locale":"fr_FR","og_type":"article","og_title":"Soyeuse Vanille, Fraise, Gentiane - Fleur et Bonbon","og_description":"[:fr]Prix pour le kit de 3 \u00e9cheveaux en dollars canadiens.  Patrons sugg\u00e9r\u00e9s :      [:en]The price is for the kit of 3 skeins in Canadian dollars.  Suggested patterns :      [:]","og_url":"https:\/\/fleuretbonbon.com\/fr\/produit\/soyeuse-vanille-fraise-gentiane\/","og_site_name":"Fleur et Bonbon","article_modified_time":"2020-09-08T01:39:39+00:00","og_image":[{"width":1706,"height":2560,"url":"https:\/\/fleuretbonbon.com\/wp-content\/uploads\/2020\/09\/Soyeuse-Vanille-Fraise-Gentiane-scaled.jpg","type":"image\/jpeg"}],"twitter_card":"summary_large_image","schema":{"@context":"https:\/\/schema.org","@graph":[{"@type":"Organization","@id":"https:\/\/fleuretbonbon.com\/fr\/#organization","name":"Fleur et Bonbon","url":"https:\/\/fleuretbonbon.com\/fr\/","sameAs":[],"logo":{"@type":"ImageObject","inLanguage":"fr-FR","@id":"https:\/\/fleuretbonbon.com\/fr\/#\/schema\/logo\/image\/","url":"https:\/\/fleuretbonbon.com\/wp-content\/uploads\/2019\/12\/Logo-final2.jpg","contentUrl":"https:\/\/fleuretbonbon.com\/wp-content\/uploads\/2019\/12\/Logo-final2.jpg","width":1149,"height":155,"caption":"Fleur et Bonbon"},"image":{"@id":"https:\/\/fleuretbonbon.com\/fr\/#\/schema\/logo\/image\/"}},{"@type":"WebSite","@id":"https:\/\/fleuretbonbon.com\/fr\/#website","url":"https:\/\/fleuretbonbon.com\/fr\/","name":"Fleur et Bonbon","description":"Laine teinte \u00e0 la main - Patrons de tricot","publisher":{"@id":"https:\/\/fleuretbonbon.com\/fr\/#organization"},"potentialAction":[{"@type":"SearchAction","target":{"@type":"EntryPoint","urlTemplate":"https:\/\/fleuretbonbon.com\/fr\/?s={search_term_string}"},"query-input":"required name=search_term_string"}],"inLanguage":"fr-FR"},{"@type":"ImageObject","inLanguage":"fr-FR","@id":"https:\/\/fleuretbonbon.com\/fr\/produit\/soyeuse-vanille-fraise-gentiane\/#primaryimage","url":"https:\/\/fleuretbonbon.com\/wp-content\/uploads\/2020\/09\/Soyeuse-Vanille-Fraise-Gentiane-scaled.jpg","contentUrl":"https:\/\/fleuretbonbon.com\/wp-content\/uploads\/2020\/09\/Soyeuse-Vanille-Fraise-Gentiane-scaled.jpg","width":1706,"height":2560},{"@type":"WebPage","@id":"https:\/\/fleuretbonbon.com\/fr\/produit\/soyeuse-vanille-fraise-gentiane\/#webpage","url":"https:\/\/fleuretbonbon.com\/fr\/produit\/soyeuse-vanille-fraise-gentiane\/","name":"Soyeuse Vanille, Fraise, Gentiane - Fleur et Bonbon","isPartOf":{"@id":"https:\/\/fleuretbonbon.com\/fr\/#website"},"primaryImageOfPage":{"@id":"https:\/\/fleuretbonbon.com\/fr\/produit\/soyeuse-vanille-fraise-gentiane\/#primaryimage"},"datePublished":"2020-09-06T04:45:35+00:00","dateModified":"2020-09-08T01:39:39+00:00","breadcrumb":{"@id":"https:\/\/fleuretbonbon.com\/fr\/produit\/soyeuse-vanille-fraise-gentiane\/#breadcrumb"},"inLanguage":"fr-FR","potentialAction":[{"@type":"ReadAction","target":["https:\/\/fleuretbonbon.com\/fr\/produit\/soyeuse-vanille-fraise-gentiane\/"]}]},{"@type":"BreadcrumbList","@id":"https:\/\/fleuretbonbon.com\/fr\/produit\/soyeuse-vanille-fraise-gentiane\/#breadcrumb","itemListElement":[{"@type":"ListItem","position":1,"name":"Accueil","item":"https:\/\/fleuretbonbon.com\/fr\/"},{"@type":"ListItem","position":2,"name":"Boutique","item":"https:\/\/fleuretbonbon.com\/fr\/boutique\/"},{"@type":"ListItem","position":3,"name":"Soyeuse Vanille, Fraise, Gentiane"}]}]}},"_links":{"self":[{"href":"https:\/\/fleuretbonbon.com\/fr\/wp-json\/wp\/v2\/product\/6996"}],"collection":[{"href":"https:\/\/fleuretbonbon.com\/fr\/wp-json\/wp\/v2\/product"}],"about":[{"href":"https:\/\/fleuretbonbon.com\/fr\/wp-json\/wp\/v2\/types\/product"}],"wp:featuredmedia":[{"embeddable":true,"href":"https:\/\/fleuretbonbon.com\/fr\/wp-json\/wp\/v2\/media\/6997"}],"wp:attachment":[{"href":"https:\/\/fleuretbonbon.com\/fr\/wp-json\/wp\/v2\/media?parent=6996"}],"curies":[{"name":"wp","href":"https:\/\/api.w.org\/{rel}","templated":true}]}}