{"id":3095,"date":"2020-03-15T14:51:53","date_gmt":"2020-03-15T18:51:53","guid":{"rendered":"https:\/\/fleuretbonbon.com\/?post_type=product&#038;p=3095"},"modified":"2023-10-22T23:11:29","modified_gmt":"2023-10-23T03:11:29","slug":"brillante-pensee","status":"publish","type":"product","link":"https:\/\/fleuretbonbon.com\/fr\/produit\/brillante-pensee\/","title":{"rendered":"Brillante Pens\u00e9e"},"content":{"rendered":"<p>Brillante<\/p>\n<p>72% Kid Mohair, 28 % Soie<br \/>\n459 verges (420 m) \/ 50 g<br \/>\n1 pli<br \/>\nLaine dentelle brillante et douce. Peut \u00eatre tricot\u00e9e seule ou encore en combinaison avec un autre fil pour ajouter texture et douceur.<\/p>\n<p>Laine teinte \u00e0 la main en petits lots. Tous les efforts ont \u00e9t\u00e9 fournis afin que les \u00e9cheveaux soient les plus similaires possibles. Il peut cependant y avoir des diff\u00e9rences. C&rsquo;est pourquoi il est recommand\u00e9 d&rsquo;alterner les \u00e9cheveaux pour un r\u00e9sultat optimal lorsque plus d&rsquo;un est utilis\u00e9.<\/p>\n<p>Tous les efforts ont \u00e9galement \u00e9t\u00e9 fournis afin de repr\u00e9senter le plus fid\u00e8lement possible les couleurs. Cependant, les couleurs peuvent varier d&rsquo;un \u00e9cran \u00e0 l&rsquo;autre.<\/p>\n<p>Votre projet est pr\u00e9cieux. Il est recommand\u00e9 de le laver \u00e0 la main avec un savon doux et de l&rsquo;\u00e9tendre pour s\u00e9cher.<\/p>\n<p>Chaque \u00e9cheveau est rinc\u00e9 \u00e0 de multiples reprises. Par contre, il pourrait arriver qu&rsquo;il y ait un peu de couleur qui soit rel\u00e2ch\u00e9e, surtout lors des premiers lavages.<\/p>\n<p>Les \u00e9cheveaux ont \u00e9t\u00e9 roul\u00e9s et \u00e9tiquet\u00e9s dans une maison abritant des chats.<\/p>","protected":false},"excerpt":{"rendered":"<p>Le prix est en dollars canadiens.<\/p>\n","protected":false},"featured_media":3111,"template":"","meta":{"spay_email":"","jetpack_publicize_message":"","jetpack_is_tweetstorm":false,"jetpack_publicize_feature_enabled":true},"yoast_head":"<!-- This site is optimized with the Yoast SEO plugin v19.0 - https:\/\/yoast.com\/wordpress\/plugins\/seo\/ -->\n<title>Brillante Pens\u00e9e - Fleur et Bonbon<\/title>\n<meta name=\"robots\" content=\"noindex, follow\" \/>\n<meta property=\"og:locale\" content=\"fr_FR\" \/>\n<meta property=\"og:type\" content=\"article\" \/>\n<meta property=\"og:title\" content=\"Brillante Pens\u00e9e - Fleur et Bonbon\" \/>\n<meta property=\"og:description\" content=\"[:fr]Le prix est en dollars canadiens.[:en]The price is in Canadian dollars.[:]\" \/>\n<meta property=\"og:url\" content=\"https:\/\/fleuretbonbon.com\/produit\/brillante-pensee\/\" \/>\n<meta property=\"og:site_name\" content=\"Fleur et Bonbon\" \/>\n<meta property=\"article:modified_time\" content=\"2023-10-23T03:11:29+00:00\" \/>\n<meta property=\"og:image\" content=\"https:\/\/fleuretbonbon.com\/wp-content\/uploads\/2020\/03\/Brillante-Pens\u00e9e-1-1-scaled.jpg\" \/>\n\t<meta property=\"og:image:width\" content=\"1731\" \/>\n\t<meta property=\"og:image:height\" content=\"2560\" \/>\n\t<meta property=\"og:image:type\" content=\"image\/jpeg\" \/>\n<meta name=\"twitter:card\" content=\"summary_large_image\" \/>\n<meta name=\"twitter:label1\" content=\"Dur\u00e9e de lecture estim\u00e9e\" \/>\n\t<meta name=\"twitter:data1\" content=\"2 minutes\" \/>\n<script type=\"application\/ld+json\" class=\"yoast-schema-graph\">{\"@context\":\"https:\/\/schema.org\",\"@graph\":[{\"@type\":\"Organization\",\"@id\":\"https:\/\/fleuretbonbon.com\/fr\/#organization\",\"name\":\"Fleur et Bonbon\",\"url\":\"https:\/\/fleuretbonbon.com\/fr\/\",\"sameAs\":[],\"logo\":{\"@type\":\"ImageObject\",\"inLanguage\":\"fr-FR\",\"@id\":\"https:\/\/fleuretbonbon.com\/fr\/#\/schema\/logo\/image\/\",\"url\":\"https:\/\/fleuretbonbon.com\/wp-content\/uploads\/2019\/12\/Logo-final2.jpg\",\"contentUrl\":\"https:\/\/fleuretbonbon.com\/wp-content\/uploads\/2019\/12\/Logo-final2.jpg\",\"width\":1149,\"height\":155,\"caption\":\"Fleur et Bonbon\"},\"image\":{\"@id\":\"https:\/\/fleuretbonbon.com\/fr\/#\/schema\/logo\/image\/\"}},{\"@type\":\"WebSite\",\"@id\":\"https:\/\/fleuretbonbon.com\/fr\/#website\",\"url\":\"https:\/\/fleuretbonbon.com\/fr\/\",\"name\":\"Fleur et Bonbon\",\"description\":\"Laine teinte \u00e0 la main - Patrons de tricot\",\"publisher\":{\"@id\":\"https:\/\/fleuretbonbon.com\/fr\/#organization\"},\"potentialAction\":[{\"@type\":\"SearchAction\",\"target\":{\"@type\":\"EntryPoint\",\"urlTemplate\":\"https:\/\/fleuretbonbon.com\/fr\/?s={search_term_string}\"},\"query-input\":\"required name=search_term_string\"}],\"inLanguage\":\"fr-FR\"},{\"@type\":\"ImageObject\",\"inLanguage\":\"fr-FR\",\"@id\":\"https:\/\/fleuretbonbon.com\/produit\/brillante-pensee\/#primaryimage\",\"url\":\"https:\/\/fleuretbonbon.com\/wp-content\/uploads\/2020\/03\/Brillante-Pens\u00e9e-1-1-scaled.jpg\",\"contentUrl\":\"https:\/\/fleuretbonbon.com\/wp-content\/uploads\/2020\/03\/Brillante-Pens\u00e9e-1-1-scaled.jpg\",\"width\":1731,\"height\":2560},{\"@type\":\"WebPage\",\"@id\":\"https:\/\/fleuretbonbon.com\/produit\/brillante-pensee\/#webpage\",\"url\":\"https:\/\/fleuretbonbon.com\/produit\/brillante-pensee\/\",\"name\":\"Brillante Pens\u00e9e - Fleur et Bonbon\",\"isPartOf\":{\"@id\":\"https:\/\/fleuretbonbon.com\/fr\/#website\"},\"primaryImageOfPage\":{\"@id\":\"https:\/\/fleuretbonbon.com\/produit\/brillante-pensee\/#primaryimage\"},\"datePublished\":\"2020-03-15T18:51:53+00:00\",\"dateModified\":\"2023-10-23T03:11:29+00:00\",\"breadcrumb\":{\"@id\":\"https:\/\/fleuretbonbon.com\/produit\/brillante-pensee\/#breadcrumb\"},\"inLanguage\":\"fr-FR\",\"potentialAction\":[{\"@type\":\"ReadAction\",\"target\":[\"https:\/\/fleuretbonbon.com\/produit\/brillante-pensee\/\"]}]},{\"@type\":\"BreadcrumbList\",\"@id\":\"https:\/\/fleuretbonbon.com\/produit\/brillante-pensee\/#breadcrumb\",\"itemListElement\":[{\"@type\":\"ListItem\",\"position\":1,\"name\":\"Accueil\",\"item\":\"https:\/\/fleuretbonbon.com\/fr\/\"},{\"@type\":\"ListItem\",\"position\":2,\"name\":\"Boutique\",\"item\":\"https:\/\/fleuretbonbon.com\/fr\/boutique\/\"},{\"@type\":\"ListItem\",\"position\":3,\"name\":\"Brillante Pens\u00e9e\"}]}]}<\/script>\n<!-- \/ Yoast SEO plugin. -->","yoast_head_json":{"title":"Brillante Pens\u00e9e - Fleur et Bonbon","robots":{"index":"noindex","follow":"follow"},"og_locale":"fr_FR","og_type":"article","og_title":"Brillante Pens\u00e9e - Fleur et Bonbon","og_description":"[:fr]Le prix est en dollars canadiens.[:en]The price is in Canadian dollars.[:]","og_url":"https:\/\/fleuretbonbon.com\/produit\/brillante-pensee\/","og_site_name":"Fleur et Bonbon","article_modified_time":"2023-10-23T03:11:29+00:00","og_image":[{"width":1731,"height":2560,"url":"https:\/\/fleuretbonbon.com\/wp-content\/uploads\/2020\/03\/Brillante-Pens\u00e9e-1-1-scaled.jpg","type":"image\/jpeg"}],"twitter_card":"summary_large_image","twitter_misc":{"Dur\u00e9e de lecture estim\u00e9e":"2 minutes"},"schema":{"@context":"https:\/\/schema.org","@graph":[{"@type":"Organization","@id":"https:\/\/fleuretbonbon.com\/fr\/#organization","name":"Fleur et Bonbon","url":"https:\/\/fleuretbonbon.com\/fr\/","sameAs":[],"logo":{"@type":"ImageObject","inLanguage":"fr-FR","@id":"https:\/\/fleuretbonbon.com\/fr\/#\/schema\/logo\/image\/","url":"https:\/\/fleuretbonbon.com\/wp-content\/uploads\/2019\/12\/Logo-final2.jpg","contentUrl":"https:\/\/fleuretbonbon.com\/wp-content\/uploads\/2019\/12\/Logo-final2.jpg","width":1149,"height":155,"caption":"Fleur et Bonbon"},"image":{"@id":"https:\/\/fleuretbonbon.com\/fr\/#\/schema\/logo\/image\/"}},{"@type":"WebSite","@id":"https:\/\/fleuretbonbon.com\/fr\/#website","url":"https:\/\/fleuretbonbon.com\/fr\/","name":"Fleur et Bonbon","description":"Laine teinte \u00e0 la main - Patrons de tricot","publisher":{"@id":"https:\/\/fleuretbonbon.com\/fr\/#organization"},"potentialAction":[{"@type":"SearchAction","target":{"@type":"EntryPoint","urlTemplate":"https:\/\/fleuretbonbon.com\/fr\/?s={search_term_string}"},"query-input":"required name=search_term_string"}],"inLanguage":"fr-FR"},{"@type":"ImageObject","inLanguage":"fr-FR","@id":"https:\/\/fleuretbonbon.com\/produit\/brillante-pensee\/#primaryimage","url":"https:\/\/fleuretbonbon.com\/wp-content\/uploads\/2020\/03\/Brillante-Pens\u00e9e-1-1-scaled.jpg","contentUrl":"https:\/\/fleuretbonbon.com\/wp-content\/uploads\/2020\/03\/Brillante-Pens\u00e9e-1-1-scaled.jpg","width":1731,"height":2560},{"@type":"WebPage","@id":"https:\/\/fleuretbonbon.com\/produit\/brillante-pensee\/#webpage","url":"https:\/\/fleuretbonbon.com\/produit\/brillante-pensee\/","name":"Brillante Pens\u00e9e - Fleur et Bonbon","isPartOf":{"@id":"https:\/\/fleuretbonbon.com\/fr\/#website"},"primaryImageOfPage":{"@id":"https:\/\/fleuretbonbon.com\/produit\/brillante-pensee\/#primaryimage"},"datePublished":"2020-03-15T18:51:53+00:00","dateModified":"2023-10-23T03:11:29+00:00","breadcrumb":{"@id":"https:\/\/fleuretbonbon.com\/produit\/brillante-pensee\/#breadcrumb"},"inLanguage":"fr-FR","potentialAction":[{"@type":"ReadAction","target":["https:\/\/fleuretbonbon.com\/produit\/brillante-pensee\/"]}]},{"@type":"BreadcrumbList","@id":"https:\/\/fleuretbonbon.com\/produit\/brillante-pensee\/#breadcrumb","itemListElement":[{"@type":"ListItem","position":1,"name":"Accueil","item":"https:\/\/fleuretbonbon.com\/fr\/"},{"@type":"ListItem","position":2,"name":"Boutique","item":"https:\/\/fleuretbonbon.com\/fr\/boutique\/"},{"@type":"ListItem","position":3,"name":"Brillante Pens\u00e9e"}]}]}},"_links":{"self":[{"href":"https:\/\/fleuretbonbon.com\/fr\/wp-json\/wp\/v2\/product\/3095"}],"collection":[{"href":"https:\/\/fleuretbonbon.com\/fr\/wp-json\/wp\/v2\/product"}],"about":[{"href":"https:\/\/fleuretbonbon.com\/fr\/wp-json\/wp\/v2\/types\/product"}],"wp:featuredmedia":[{"embeddable":true,"href":"https:\/\/fleuretbonbon.com\/fr\/wp-json\/wp\/v2\/media\/3111"}],"wp:attachment":[{"href":"https:\/\/fleuretbonbon.com\/fr\/wp-json\/wp\/v2\/media?parent=3095"}],"curies":[{"name":"wp","href":"https:\/\/api.w.org\/{rel}","templated":true}]}}