{"id":20382,"date":"2023-05-28T01:08:39","date_gmt":"2023-05-28T05:08:39","guid":{"rendered":"https:\/\/fleuretbonbon.com\/?post_type=product&#038;p=20382"},"modified":"2025-10-01T21:03:03","modified_gmt":"2025-10-02T01:03:03","slug":"aerienne-cerise-et-tangerine","status":"publish","type":"product","link":"https:\/\/fleuretbonbon.com\/fr\/produit\/aerienne-cerise-et-tangerine\/","title":{"rendered":"A\u00e9rienne Cerise et Tangerine"},"content":{"rendered":"<p>A\u00e9rienne<\/p>\n<p>74% B\u00e9b\u00e9 Alpaga Suri, 26% Soie<br \/>\n328 verges (300 m) \/ 50 g<br \/>\n1 pli<br \/>\nD\u00e9licate laine incroyablement douce, l\u00e9g\u00e8re et a\u00e9rienne. Peut \u00eatre tricot\u00e9e seule, en double, ou encore en combinaison avec un autre fil. Peut remplacer le mohair.<\/p>\n<p>Laine teinte \u00e0 la main en petits lots. Tous les efforts ont \u00e9t\u00e9 fournis afin que les \u00e9cheveaux soient les plus similaires possibles. Il peut cependant y avoir des diff\u00e9rences. C&rsquo;est pourquoi il est recommand\u00e9 d&rsquo;alterner les \u00e9cheveaux pour un r\u00e9sultat optimal lorsque plus d&rsquo;un est utilis\u00e9.<\/p>\n<p>Tous les efforts ont \u00e9galement \u00e9t\u00e9 fournis afin de repr\u00e9senter le plus fid\u00e8lement possible les couleurs. Cependant, les couleurs peuvent varier d&rsquo;un \u00e9cran \u00e0 l&rsquo;autre.<\/p>\n<p>Votre projet est pr\u00e9cieux. Il est recommand\u00e9 de le laver \u00e0 la main avec un savon doux et de l&rsquo;\u00e9tendre pour s\u00e9cher.<\/p>\n<p>Chaque \u00e9cheveau est rinc\u00e9 \u00e0 de multiples reprises. Par contre, il pourrait arriver qu&rsquo;il y ait un peu de couleur qui soit rel\u00e2ch\u00e9e, surtout lors des premiers lavages.<\/p>\n<p>Les \u00e9cheveaux ont \u00e9t\u00e9 roul\u00e9s et \u00e9tiquet\u00e9s dans une maison abritant des chats.<\/p>","protected":false},"excerpt":{"rendered":"<p>Le prix est en dollars canadiens.<\/p>\n","protected":false},"featured_media":21660,"template":"","meta":{"spay_email":"","jetpack_publicize_message":"","jetpack_is_tweetstorm":false,"jetpack_publicize_feature_enabled":true},"yoast_head":"<!-- This site is optimized with the Yoast SEO plugin v19.0 - https:\/\/yoast.com\/wordpress\/plugins\/seo\/ -->\n<title>A\u00e9rienne Cerise et Tangerine - Fleur et Bonbon<\/title>\n<meta name=\"robots\" content=\"noindex, follow\" \/>\n<meta property=\"og:locale\" content=\"fr_FR\" \/>\n<meta property=\"og:type\" content=\"article\" \/>\n<meta property=\"og:title\" content=\"A\u00e9rienne Cerise et Tangerine - Fleur et Bonbon\" \/>\n<meta property=\"og:description\" content=\"[:fr]Le prix est en dollars canadiens.[:en]The price is in Canadian dollars.[:]\" \/>\n<meta property=\"og:url\" content=\"https:\/\/fleuretbonbon.com\/produit\/aerienne-cerise-et-tangerine\/\" \/>\n<meta property=\"og:site_name\" content=\"Fleur et Bonbon\" \/>\n<meta property=\"article:modified_time\" content=\"2025-10-02T01:03:03+00:00\" \/>\n<meta property=\"og:image\" content=\"https:\/\/fleuretbonbon.com\/wp-content\/uploads\/2023\/05\/Aerienne-Cerise-et-Tangerine-1-scaled.jpg\" \/>\n\t<meta property=\"og:image:width\" content=\"1714\" \/>\n\t<meta property=\"og:image:height\" content=\"2560\" \/>\n\t<meta property=\"og:image:type\" content=\"image\/jpeg\" \/>\n<meta name=\"twitter:card\" content=\"summary_large_image\" \/>\n<meta name=\"twitter:label1\" content=\"Dur\u00e9e de lecture estim\u00e9e\" \/>\n\t<meta name=\"twitter:data1\" content=\"2 minutes\" \/>\n<script type=\"application\/ld+json\" class=\"yoast-schema-graph\">{\"@context\":\"https:\/\/schema.org\",\"@graph\":[{\"@type\":\"Organization\",\"@id\":\"https:\/\/fleuretbonbon.com\/fr\/#organization\",\"name\":\"Fleur et Bonbon\",\"url\":\"https:\/\/fleuretbonbon.com\/fr\/\",\"sameAs\":[],\"logo\":{\"@type\":\"ImageObject\",\"inLanguage\":\"fr-FR\",\"@id\":\"https:\/\/fleuretbonbon.com\/fr\/#\/schema\/logo\/image\/\",\"url\":\"https:\/\/fleuretbonbon.com\/wp-content\/uploads\/2019\/12\/Logo-final2.jpg\",\"contentUrl\":\"https:\/\/fleuretbonbon.com\/wp-content\/uploads\/2019\/12\/Logo-final2.jpg\",\"width\":1149,\"height\":155,\"caption\":\"Fleur et Bonbon\"},\"image\":{\"@id\":\"https:\/\/fleuretbonbon.com\/fr\/#\/schema\/logo\/image\/\"}},{\"@type\":\"WebSite\",\"@id\":\"https:\/\/fleuretbonbon.com\/fr\/#website\",\"url\":\"https:\/\/fleuretbonbon.com\/fr\/\",\"name\":\"Fleur et Bonbon\",\"description\":\"Laine teinte \u00e0 la main - Patrons de tricot\",\"publisher\":{\"@id\":\"https:\/\/fleuretbonbon.com\/fr\/#organization\"},\"potentialAction\":[{\"@type\":\"SearchAction\",\"target\":{\"@type\":\"EntryPoint\",\"urlTemplate\":\"https:\/\/fleuretbonbon.com\/fr\/?s={search_term_string}\"},\"query-input\":\"required name=search_term_string\"}],\"inLanguage\":\"fr-FR\"},{\"@type\":\"ImageObject\",\"inLanguage\":\"fr-FR\",\"@id\":\"https:\/\/fleuretbonbon.com\/produit\/aerienne-cerise-et-tangerine\/#primaryimage\",\"url\":\"https:\/\/fleuretbonbon.com\/wp-content\/uploads\/2023\/05\/Aerienne-Cerise-et-Tangerine-1-scaled.jpg\",\"contentUrl\":\"https:\/\/fleuretbonbon.com\/wp-content\/uploads\/2023\/05\/Aerienne-Cerise-et-Tangerine-1-scaled.jpg\",\"width\":1714,\"height\":2560},{\"@type\":\"WebPage\",\"@id\":\"https:\/\/fleuretbonbon.com\/produit\/aerienne-cerise-et-tangerine\/#webpage\",\"url\":\"https:\/\/fleuretbonbon.com\/produit\/aerienne-cerise-et-tangerine\/\",\"name\":\"A\u00e9rienne Cerise et Tangerine - Fleur et Bonbon\",\"isPartOf\":{\"@id\":\"https:\/\/fleuretbonbon.com\/fr\/#website\"},\"primaryImageOfPage\":{\"@id\":\"https:\/\/fleuretbonbon.com\/produit\/aerienne-cerise-et-tangerine\/#primaryimage\"},\"datePublished\":\"2023-05-28T05:08:39+00:00\",\"dateModified\":\"2025-10-02T01:03:03+00:00\",\"breadcrumb\":{\"@id\":\"https:\/\/fleuretbonbon.com\/produit\/aerienne-cerise-et-tangerine\/#breadcrumb\"},\"inLanguage\":\"fr-FR\",\"potentialAction\":[{\"@type\":\"ReadAction\",\"target\":[\"https:\/\/fleuretbonbon.com\/produit\/aerienne-cerise-et-tangerine\/\"]}]},{\"@type\":\"BreadcrumbList\",\"@id\":\"https:\/\/fleuretbonbon.com\/produit\/aerienne-cerise-et-tangerine\/#breadcrumb\",\"itemListElement\":[{\"@type\":\"ListItem\",\"position\":1,\"name\":\"Accueil\",\"item\":\"https:\/\/fleuretbonbon.com\/fr\/\"},{\"@type\":\"ListItem\",\"position\":2,\"name\":\"Boutique\",\"item\":\"https:\/\/fleuretbonbon.com\/fr\/boutique\/\"},{\"@type\":\"ListItem\",\"position\":3,\"name\":\"A\u00e9rienne Cerise et Tangerine\"}]}]}<\/script>\n<!-- \/ Yoast SEO plugin. -->","yoast_head_json":{"title":"A\u00e9rienne Cerise et Tangerine - Fleur et Bonbon","robots":{"index":"noindex","follow":"follow"},"og_locale":"fr_FR","og_type":"article","og_title":"A\u00e9rienne Cerise et Tangerine - Fleur et Bonbon","og_description":"[:fr]Le prix est en dollars canadiens.[:en]The price is in Canadian dollars.[:]","og_url":"https:\/\/fleuretbonbon.com\/produit\/aerienne-cerise-et-tangerine\/","og_site_name":"Fleur et Bonbon","article_modified_time":"2025-10-02T01:03:03+00:00","og_image":[{"width":1714,"height":2560,"url":"https:\/\/fleuretbonbon.com\/wp-content\/uploads\/2023\/05\/Aerienne-Cerise-et-Tangerine-1-scaled.jpg","type":"image\/jpeg"}],"twitter_card":"summary_large_image","twitter_misc":{"Dur\u00e9e de lecture estim\u00e9e":"2 minutes"},"schema":{"@context":"https:\/\/schema.org","@graph":[{"@type":"Organization","@id":"https:\/\/fleuretbonbon.com\/fr\/#organization","name":"Fleur et Bonbon","url":"https:\/\/fleuretbonbon.com\/fr\/","sameAs":[],"logo":{"@type":"ImageObject","inLanguage":"fr-FR","@id":"https:\/\/fleuretbonbon.com\/fr\/#\/schema\/logo\/image\/","url":"https:\/\/fleuretbonbon.com\/wp-content\/uploads\/2019\/12\/Logo-final2.jpg","contentUrl":"https:\/\/fleuretbonbon.com\/wp-content\/uploads\/2019\/12\/Logo-final2.jpg","width":1149,"height":155,"caption":"Fleur et Bonbon"},"image":{"@id":"https:\/\/fleuretbonbon.com\/fr\/#\/schema\/logo\/image\/"}},{"@type":"WebSite","@id":"https:\/\/fleuretbonbon.com\/fr\/#website","url":"https:\/\/fleuretbonbon.com\/fr\/","name":"Fleur et Bonbon","description":"Laine teinte \u00e0 la main - Patrons de tricot","publisher":{"@id":"https:\/\/fleuretbonbon.com\/fr\/#organization"},"potentialAction":[{"@type":"SearchAction","target":{"@type":"EntryPoint","urlTemplate":"https:\/\/fleuretbonbon.com\/fr\/?s={search_term_string}"},"query-input":"required name=search_term_string"}],"inLanguage":"fr-FR"},{"@type":"ImageObject","inLanguage":"fr-FR","@id":"https:\/\/fleuretbonbon.com\/produit\/aerienne-cerise-et-tangerine\/#primaryimage","url":"https:\/\/fleuretbonbon.com\/wp-content\/uploads\/2023\/05\/Aerienne-Cerise-et-Tangerine-1-scaled.jpg","contentUrl":"https:\/\/fleuretbonbon.com\/wp-content\/uploads\/2023\/05\/Aerienne-Cerise-et-Tangerine-1-scaled.jpg","width":1714,"height":2560},{"@type":"WebPage","@id":"https:\/\/fleuretbonbon.com\/produit\/aerienne-cerise-et-tangerine\/#webpage","url":"https:\/\/fleuretbonbon.com\/produit\/aerienne-cerise-et-tangerine\/","name":"A\u00e9rienne Cerise et Tangerine - Fleur et Bonbon","isPartOf":{"@id":"https:\/\/fleuretbonbon.com\/fr\/#website"},"primaryImageOfPage":{"@id":"https:\/\/fleuretbonbon.com\/produit\/aerienne-cerise-et-tangerine\/#primaryimage"},"datePublished":"2023-05-28T05:08:39+00:00","dateModified":"2025-10-02T01:03:03+00:00","breadcrumb":{"@id":"https:\/\/fleuretbonbon.com\/produit\/aerienne-cerise-et-tangerine\/#breadcrumb"},"inLanguage":"fr-FR","potentialAction":[{"@type":"ReadAction","target":["https:\/\/fleuretbonbon.com\/produit\/aerienne-cerise-et-tangerine\/"]}]},{"@type":"BreadcrumbList","@id":"https:\/\/fleuretbonbon.com\/produit\/aerienne-cerise-et-tangerine\/#breadcrumb","itemListElement":[{"@type":"ListItem","position":1,"name":"Accueil","item":"https:\/\/fleuretbonbon.com\/fr\/"},{"@type":"ListItem","position":2,"name":"Boutique","item":"https:\/\/fleuretbonbon.com\/fr\/boutique\/"},{"@type":"ListItem","position":3,"name":"A\u00e9rienne Cerise et Tangerine"}]}]}},"_links":{"self":[{"href":"https:\/\/fleuretbonbon.com\/fr\/wp-json\/wp\/v2\/product\/20382"}],"collection":[{"href":"https:\/\/fleuretbonbon.com\/fr\/wp-json\/wp\/v2\/product"}],"about":[{"href":"https:\/\/fleuretbonbon.com\/fr\/wp-json\/wp\/v2\/types\/product"}],"wp:featuredmedia":[{"embeddable":true,"href":"https:\/\/fleuretbonbon.com\/fr\/wp-json\/wp\/v2\/media\/21660"}],"wp:attachment":[{"href":"https:\/\/fleuretbonbon.com\/fr\/wp-json\/wp\/v2\/media?parent=20382"}],"curies":[{"name":"wp","href":"https:\/\/api.w.org\/{rel}","templated":true}]}}