{"id":7,"date":"2019-11-17T22:21:55","date_gmt":"2019-11-17T22:21:55","guid":{"rendered":"https:\/\/fleuretbonbon.com\/?page_id=7"},"modified":"2019-12-11T12:41:19","modified_gmt":"2019-12-11T16:41:19","slug":"a-propos-de","status":"publish","type":"page","link":"https:\/\/fleuretbonbon.com\/fr\/a-propos-de\/","title":{"rendered":"\u00c0 propos"},"content":{"rendered":"<p><\/p>\n\n\n<div class=\"wp-block-media-text alignwide\" style=\"grid-template-columns:24% auto\"><figure class=\"wp-block-media-text__media\"><img loading=\"lazy\" width=\"1022\" height=\"1024\" src=\"https:\/\/fleuretbonbon.com\/wp-content\/uploads\/2019\/11\/Photo-\u00e0-propos_carree_edited-1022x1024.jpg\" alt=\"Gabrielle\" class=\"wp-image-195\" srcset=\"https:\/\/fleuretbonbon.com\/wp-content\/uploads\/2019\/11\/Photo-\u00e0-propos_carree_edited-1022x1024.jpg 1022w, https:\/\/fleuretbonbon.com\/wp-content\/uploads\/2019\/11\/Photo-\u00e0-propos_carree_edited-1200x1203.jpg 1200w, https:\/\/fleuretbonbon.com\/wp-content\/uploads\/2019\/11\/Photo-\u00e0-propos_carree_edited-100x100.jpg 100w, https:\/\/fleuretbonbon.com\/wp-content\/uploads\/2019\/11\/Photo-\u00e0-propos_carree_edited-300x300.jpg 300w, https:\/\/fleuretbonbon.com\/wp-content\/uploads\/2019\/11\/Photo-\u00e0-propos_carree_edited-150x150.jpg 150w, https:\/\/fleuretbonbon.com\/wp-content\/uploads\/2019\/11\/Photo-\u00e0-propos_carree_edited-768x770.jpg 768w, https:\/\/fleuretbonbon.com\/wp-content\/uploads\/2019\/11\/Photo-\u00e0-propos_carree_edited-1140x1143.jpg 1140w, https:\/\/fleuretbonbon.com\/wp-content\/uploads\/2019\/11\/Photo-\u00e0-propos_carree_edited-75x75.jpg 75w, https:\/\/fleuretbonbon.com\/wp-content\/uploads\/2019\/11\/Photo-\u00e0-propos_carree_edited.jpg 1363w\" sizes=\"(max-width: 1022px) 100vw, 1022px\" \/><\/figure><div class=\"wp-block-media-text__content\">\n<p class=\"has-large-font-size\"><img loading=\"lazy\" width=\"1145\" height=\"154\" class=\"wp-image-194\" style=\"width: 500px;\" src=\"https:\/\/fleuretbonbon.com\/wp-content\/uploads\/2019\/11\/Logo-transparent.png\" alt=\"Fleur et Bonbon\" srcset=\"https:\/\/fleuretbonbon.com\/wp-content\/uploads\/2019\/11\/Logo-transparent.png 1145w, https:\/\/fleuretbonbon.com\/wp-content\/uploads\/2019\/11\/Logo-transparent-400x54.png 400w, https:\/\/fleuretbonbon.com\/wp-content\/uploads\/2019\/11\/Logo-transparent-300x40.png 300w, https:\/\/fleuretbonbon.com\/wp-content\/uploads\/2019\/11\/Logo-transparent-1024x138.png 1024w, https:\/\/fleuretbonbon.com\/wp-content\/uploads\/2019\/11\/Logo-transparent-768x103.png 768w, https:\/\/fleuretbonbon.com\/wp-content\/uploads\/2019\/11\/Logo-transparent-1140x153.png 1140w\" sizes=\"(max-width: 1145px) 100vw, 1145px\" \/><\/p>\n<\/div><\/div>\n\n\n\n<hr class=\"wp-block-separator\"\/>\n\n\n\n<p>Je suis Gabrielle Imbault, teinturi\u00e8re de laine \u00e0 la main et designer de patrons de tricot. Je suis originaire de Montr\u00e9al. Depuis mon enfance, je suis attir\u00e9e par la cr\u00e9ation de v\u00eatements. J\u2019adore les couleurs, les fibres, les textures et les infinies possibilit\u00e9s qu\u2019offrent les tissus et les laines. Ayant cr\u00e9\u00e9 et cousu des v\u00eatements depuis presque toujours, je me suis lanc\u00e9e plus s\u00e9rieusement dans le tricot il y a quelques ann\u00e9es. J\u2019ai rapidement cr\u00e9\u00e9 mes propres patrons, et maintenant je me lance dans la teinture de laine. Je suis accro et les projets se bousculent dans ma t\u00eate! Je les partage ici avec vous, j\u2019esp\u00e8re que vous les appr\u00e9cierez!<\/p>\n\n\n\n<hr class=\"wp-block-separator\"\/>\n\n\n\n<p>Pourquoi Fleur et Bonbon? Simple\u2026 Parmi les deux choses que je pr\u00e9f\u00e8re! Faudrait pas oublier les chats aussi\u2026 J\u2019adore cultiver les fleurs, mais aussi les prendre en photo. \u00c0 Montr\u00e9al, on a la chance d\u2019avoir un magnifique jardin botanique, o\u00f9 je passe beaucoup de temps au printemps et \u00e0 l\u2019\u00e9t\u00e9. Il s&rsquo;y cache de splendides beaut\u00e9s en particulier en mai. Les azal\u00e9es et rhododendrons, les lilas et magnolias sont \u00e0 couper le souffle alors que le reste de la ville se sort \u00e0 peine de la grisaille de l\u2019hiver. Et que dire de mon go\u00fbt du sucre, qui ne s\u2019est jamais estomp\u00e9 avec l\u2019\u00e2ge! Mes pr\u00e9f\u00e9r\u00e9s: les jujubes, mais aussi le chocolat\u2026<\/p>\n\n\n<p><\/p>","protected":false},"excerpt":{"rendered":"<p>Je suis Gabrielle Imbault, teinturi\u00e8re de laine \u00e0 la main et designer de patrons de tricot. Je suis originaire de Montr\u00e9al. Depuis mon enfance, je suis attir\u00e9e par la cr\u00e9ation de v\u00eatements. J\u2019adore les couleurs, les fibres, les textures et les infinies possibilit\u00e9s qu\u2019offrent les tissus et les laines. Ayant cr\u00e9\u00e9 et cousu des v\u00eatements depuis presque toujours, je me suis lanc\u00e9e plus s\u00e9rieusement dans le tricot il y a quelques ann\u00e9es. J\u2019ai rapidement cr\u00e9\u00e9 mes propres patrons, et maintenant je me lance dans la teinture de laine. Je suis accro et les projets se bousculent dans ma t\u00eate! Je les partage ici avec vous, j\u2019esp\u00e8re que vous les appr\u00e9cierez! Pourquoi Fleur et Bonbon? Simple\u2026 Parmi les deux choses que je pr\u00e9f\u00e8re! Faudrait pas oublier les chats aussi\u2026 J\u2019adore cultiver les fleurs, mais aussi les prendre en photo. \u00c0 Montr\u00e9al, on a la chance d\u2019avoir un magnifique jardin botanique, o\u00f9 je passe beaucoup de temps au printemps et \u00e0 l\u2019\u00e9t\u00e9. Il s&rsquo;y cache de splendides beaut\u00e9s en particulier en mai. Les azal\u00e9es et rhododendrons, les lilas et magnolias sont \u00e0 couper le souffle alors que le reste de la ville se sort \u00e0 peine de la grisaille de l\u2019hiver. Et que dire de mon go\u00fbt du sucre, qui ne s\u2019est jamais estomp\u00e9 avec l\u2019\u00e2ge! Mes pr\u00e9f\u00e9r\u00e9s: les jujubes, mais aussi le chocolat\u2026<\/p>\n","protected":false},"author":1,"featured_media":0,"parent":0,"menu_order":0,"comment_status":"closed","ping_status":"closed","template":"","meta":{"spay_email":""},"yoast_head":"<!-- This site is optimized with the Yoast SEO plugin v19.0 - https:\/\/yoast.com\/wordpress\/plugins\/seo\/ -->\n<title>A propos - Fleur et Bonbon<\/title>\n<meta name=\"robots\" content=\"noindex, follow\" \/>\n<meta property=\"og:locale\" content=\"fr_FR\" \/>\n<meta property=\"og:type\" content=\"article\" \/>\n<meta property=\"og:title\" content=\"A propos - Fleur et Bonbon\" \/>\n<meta property=\"og:description\" content=\"Je suis Gabrielle Imbault, teinturi\u00e8re de laine \u00e0 la main et designer de patrons de tricot. Je suis originaire de Montr\u00e9al. Depuis mon enfance, je suis attir\u00e9e par la cr\u00e9ation de v\u00eatements. J\u2019adore les couleurs, les fibres, les textures et les infinies possibilit\u00e9s qu\u2019offrent les tissus et les laines. Ayant cr\u00e9\u00e9 et cousu des v\u00eatements depuis presque toujours, je me suis lanc\u00e9e plus s\u00e9rieusement dans le tricot il y a quelques ann\u00e9es. J\u2019ai rapidement cr\u00e9\u00e9 mes propres patrons, et maintenant je me lance dans la teinture de laine. Je suis accro et les projets se bousculent dans ma t\u00eate! Je les partage ici avec vous, j\u2019esp\u00e8re que vous les appr\u00e9cierez! Pourquoi Fleur et Bonbon? Simple\u2026 Parmi les deux choses que je pr\u00e9f\u00e8re! Faudrait pas oublier les chats aussi\u2026 J\u2019adore cultiver les fleurs, mais aussi les prendre en photo. \u00c0 Montr\u00e9al, on a la chance d\u2019avoir un magnifique jardin botanique, o\u00f9 je passe beaucoup de temps au printemps et \u00e0 l\u2019\u00e9t\u00e9. Il s&rsquo;y cache de splendides beaut\u00e9s en particulier en mai. Les azal\u00e9es et rhododendrons, les lilas et magnolias sont \u00e0 couper le souffle alors que le reste de la ville se sort \u00e0 peine de la grisaille de l\u2019hiver. Et que dire de mon go\u00fbt du sucre, qui ne s\u2019est jamais estomp\u00e9 avec l\u2019\u00e2ge! Mes pr\u00e9f\u00e9r\u00e9s: les jujubes, mais aussi le chocolat\u2026\" \/>\n<meta property=\"og:url\" content=\"https:\/\/fleuretbonbon.com\/en\/a-propos-de\/\" \/>\n<meta property=\"og:site_name\" content=\"Fleur et Bonbon\" \/>\n<meta property=\"article:modified_time\" content=\"2019-12-11T16:41:19+00:00\" \/>\n<meta property=\"og:image\" content=\"https:\/\/fleuretbonbon.com\/wp-content\/uploads\/2019\/11\/Photo-\u00e0-propos_carree_edited-1022x1024.jpg\" \/>\n<meta name=\"twitter:card\" content=\"summary_large_image\" \/>\n<meta name=\"twitter:label1\" content=\"Dur\u00e9e de lecture estim\u00e9e\" \/>\n\t<meta name=\"twitter:data1\" content=\"2 minutes\" \/>\n<script type=\"application\/ld+json\" class=\"yoast-schema-graph\">{\"@context\":\"https:\/\/schema.org\",\"@graph\":[{\"@type\":\"Organization\",\"@id\":\"https:\/\/fleuretbonbon.com\/fr\/#organization\",\"name\":\"Fleur et Bonbon\",\"url\":\"https:\/\/fleuretbonbon.com\/fr\/\",\"sameAs\":[],\"logo\":{\"@type\":\"ImageObject\",\"inLanguage\":\"fr-FR\",\"@id\":\"https:\/\/fleuretbonbon.com\/fr\/#\/schema\/logo\/image\/\",\"url\":\"https:\/\/fleuretbonbon.com\/wp-content\/uploads\/2019\/12\/Logo-final2.jpg\",\"contentUrl\":\"https:\/\/fleuretbonbon.com\/wp-content\/uploads\/2019\/12\/Logo-final2.jpg\",\"width\":1149,\"height\":155,\"caption\":\"Fleur et Bonbon\"},\"image\":{\"@id\":\"https:\/\/fleuretbonbon.com\/fr\/#\/schema\/logo\/image\/\"}},{\"@type\":\"WebSite\",\"@id\":\"https:\/\/fleuretbonbon.com\/fr\/#website\",\"url\":\"https:\/\/fleuretbonbon.com\/fr\/\",\"name\":\"Fleur et Bonbon\",\"description\":\"Laine teinte \u00e0 la main - Patrons de tricot\",\"publisher\":{\"@id\":\"https:\/\/fleuretbonbon.com\/fr\/#organization\"},\"potentialAction\":[{\"@type\":\"SearchAction\",\"target\":{\"@type\":\"EntryPoint\",\"urlTemplate\":\"https:\/\/fleuretbonbon.com\/fr\/?s={search_term_string}\"},\"query-input\":\"required name=search_term_string\"}],\"inLanguage\":\"fr-FR\"},{\"@type\":\"ImageObject\",\"inLanguage\":\"fr-FR\",\"@id\":\"https:\/\/fleuretbonbon.com\/en\/a-propos-de\/#primaryimage\",\"url\":\"https:\/\/fleuretbonbon.com\/wp-content\/uploads\/2019\/11\/Logo-transparent.png\",\"contentUrl\":\"https:\/\/fleuretbonbon.com\/wp-content\/uploads\/2019\/11\/Logo-transparent.png\",\"width\":1145,\"height\":154,\"caption\":\"Logo Fleur et Bonbon\"},{\"@type\":\"WebPage\",\"@id\":\"https:\/\/fleuretbonbon.com\/en\/a-propos-de\/#webpage\",\"url\":\"https:\/\/fleuretbonbon.com\/en\/a-propos-de\/\",\"name\":\"A propos - Fleur et Bonbon\",\"isPartOf\":{\"@id\":\"https:\/\/fleuretbonbon.com\/fr\/#website\"},\"primaryImageOfPage\":{\"@id\":\"https:\/\/fleuretbonbon.com\/en\/a-propos-de\/#primaryimage\"},\"datePublished\":\"2019-11-17T22:21:55+00:00\",\"dateModified\":\"2019-12-11T16:41:19+00:00\",\"breadcrumb\":{\"@id\":\"https:\/\/fleuretbonbon.com\/en\/a-propos-de\/#breadcrumb\"},\"inLanguage\":\"fr-FR\",\"potentialAction\":[{\"@type\":\"ReadAction\",\"target\":[\"https:\/\/fleuretbonbon.com\/en\/a-propos-de\/\"]}]},{\"@type\":\"BreadcrumbList\",\"@id\":\"https:\/\/fleuretbonbon.com\/en\/a-propos-de\/#breadcrumb\",\"itemListElement\":[{\"@type\":\"ListItem\",\"position\":1,\"name\":\"Accueil\",\"item\":\"https:\/\/fleuretbonbon.com\/fr\/\"},{\"@type\":\"ListItem\",\"position\":2,\"name\":\"About\"}]}]}<\/script>\n<!-- \/ Yoast SEO plugin. -->","yoast_head_json":{"title":"A propos - Fleur et Bonbon","robots":{"index":"noindex","follow":"follow"},"og_locale":"fr_FR","og_type":"article","og_title":"A propos - Fleur et Bonbon","og_description":"Je suis Gabrielle Imbault, teinturi\u00e8re de laine \u00e0 la main et designer de patrons de tricot. Je suis originaire de Montr\u00e9al. Depuis mon enfance, je suis attir\u00e9e par la cr\u00e9ation de v\u00eatements. J\u2019adore les couleurs, les fibres, les textures et les infinies possibilit\u00e9s qu\u2019offrent les tissus et les laines. Ayant cr\u00e9\u00e9 et cousu des v\u00eatements depuis presque toujours, je me suis lanc\u00e9e plus s\u00e9rieusement dans le tricot il y a quelques ann\u00e9es. J\u2019ai rapidement cr\u00e9\u00e9 mes propres patrons, et maintenant je me lance dans la teinture de laine. Je suis accro et les projets se bousculent dans ma t\u00eate! Je les partage ici avec vous, j\u2019esp\u00e8re que vous les appr\u00e9cierez! Pourquoi Fleur et Bonbon? Simple\u2026 Parmi les deux choses que je pr\u00e9f\u00e8re! Faudrait pas oublier les chats aussi\u2026 J\u2019adore cultiver les fleurs, mais aussi les prendre en photo. \u00c0 Montr\u00e9al, on a la chance d\u2019avoir un magnifique jardin botanique, o\u00f9 je passe beaucoup de temps au printemps et \u00e0 l\u2019\u00e9t\u00e9. Il s&rsquo;y cache de splendides beaut\u00e9s en particulier en mai. Les azal\u00e9es et rhododendrons, les lilas et magnolias sont \u00e0 couper le souffle alors que le reste de la ville se sort \u00e0 peine de la grisaille de l\u2019hiver. Et que dire de mon go\u00fbt du sucre, qui ne s\u2019est jamais estomp\u00e9 avec l\u2019\u00e2ge! Mes pr\u00e9f\u00e9r\u00e9s: les jujubes, mais aussi le chocolat\u2026","og_url":"https:\/\/fleuretbonbon.com\/en\/a-propos-de\/","og_site_name":"Fleur et Bonbon","article_modified_time":"2019-12-11T16:41:19+00:00","og_image":[{"url":"https:\/\/fleuretbonbon.com\/wp-content\/uploads\/2019\/11\/Photo-\u00e0-propos_carree_edited-1022x1024.jpg"}],"twitter_card":"summary_large_image","twitter_misc":{"Dur\u00e9e de lecture estim\u00e9e":"2 minutes"},"schema":{"@context":"https:\/\/schema.org","@graph":[{"@type":"Organization","@id":"https:\/\/fleuretbonbon.com\/fr\/#organization","name":"Fleur et Bonbon","url":"https:\/\/fleuretbonbon.com\/fr\/","sameAs":[],"logo":{"@type":"ImageObject","inLanguage":"fr-FR","@id":"https:\/\/fleuretbonbon.com\/fr\/#\/schema\/logo\/image\/","url":"https:\/\/fleuretbonbon.com\/wp-content\/uploads\/2019\/12\/Logo-final2.jpg","contentUrl":"https:\/\/fleuretbonbon.com\/wp-content\/uploads\/2019\/12\/Logo-final2.jpg","width":1149,"height":155,"caption":"Fleur et Bonbon"},"image":{"@id":"https:\/\/fleuretbonbon.com\/fr\/#\/schema\/logo\/image\/"}},{"@type":"WebSite","@id":"https:\/\/fleuretbonbon.com\/fr\/#website","url":"https:\/\/fleuretbonbon.com\/fr\/","name":"Fleur et Bonbon","description":"Laine teinte \u00e0 la main - Patrons de tricot","publisher":{"@id":"https:\/\/fleuretbonbon.com\/fr\/#organization"},"potentialAction":[{"@type":"SearchAction","target":{"@type":"EntryPoint","urlTemplate":"https:\/\/fleuretbonbon.com\/fr\/?s={search_term_string}"},"query-input":"required name=search_term_string"}],"inLanguage":"fr-FR"},{"@type":"ImageObject","inLanguage":"fr-FR","@id":"https:\/\/fleuretbonbon.com\/en\/a-propos-de\/#primaryimage","url":"https:\/\/fleuretbonbon.com\/wp-content\/uploads\/2019\/11\/Logo-transparent.png","contentUrl":"https:\/\/fleuretbonbon.com\/wp-content\/uploads\/2019\/11\/Logo-transparent.png","width":1145,"height":154,"caption":"Logo Fleur et Bonbon"},{"@type":"WebPage","@id":"https:\/\/fleuretbonbon.com\/en\/a-propos-de\/#webpage","url":"https:\/\/fleuretbonbon.com\/en\/a-propos-de\/","name":"A propos - Fleur et Bonbon","isPartOf":{"@id":"https:\/\/fleuretbonbon.com\/fr\/#website"},"primaryImageOfPage":{"@id":"https:\/\/fleuretbonbon.com\/en\/a-propos-de\/#primaryimage"},"datePublished":"2019-11-17T22:21:55+00:00","dateModified":"2019-12-11T16:41:19+00:00","breadcrumb":{"@id":"https:\/\/fleuretbonbon.com\/en\/a-propos-de\/#breadcrumb"},"inLanguage":"fr-FR","potentialAction":[{"@type":"ReadAction","target":["https:\/\/fleuretbonbon.com\/en\/a-propos-de\/"]}]},{"@type":"BreadcrumbList","@id":"https:\/\/fleuretbonbon.com\/en\/a-propos-de\/#breadcrumb","itemListElement":[{"@type":"ListItem","position":1,"name":"Accueil","item":"https:\/\/fleuretbonbon.com\/fr\/"},{"@type":"ListItem","position":2,"name":"About"}]}]}},"_links":{"self":[{"href":"https:\/\/fleuretbonbon.com\/fr\/wp-json\/wp\/v2\/pages\/7"}],"collection":[{"href":"https:\/\/fleuretbonbon.com\/fr\/wp-json\/wp\/v2\/pages"}],"about":[{"href":"https:\/\/fleuretbonbon.com\/fr\/wp-json\/wp\/v2\/types\/page"}],"author":[{"embeddable":true,"href":"https:\/\/fleuretbonbon.com\/fr\/wp-json\/wp\/v2\/users\/1"}],"replies":[{"embeddable":true,"href":"https:\/\/fleuretbonbon.com\/fr\/wp-json\/wp\/v2\/comments?post=7"}],"version-history":[{"count":24,"href":"https:\/\/fleuretbonbon.com\/fr\/wp-json\/wp\/v2\/pages\/7\/revisions"}],"predecessor-version":[{"id":1254,"href":"https:\/\/fleuretbonbon.com\/fr\/wp-json\/wp\/v2\/pages\/7\/revisions\/1254"}],"wp:attachment":[{"href":"https:\/\/fleuretbonbon.com\/fr\/wp-json\/wp\/v2\/media?parent=7"}],"curies":[{"name":"wp","href":"https:\/\/api.w.org\/{rel}","templated":true}]}}