{"id":393,"date":"2019-11-23T23:06:44","date_gmt":"2019-11-24T03:06:44","guid":{"rendered":"https:\/\/fleuretbonbon.com\/?page_id=393"},"modified":"2019-12-09T09:29:09","modified_gmt":"2019-12-09T13:29:09","slug":"bases-de-laine","status":"publish","type":"page","link":"https:\/\/fleuretbonbon.com\/fr\/bases-de-laine\/","title":{"rendered":"Bases de laine"},"content":{"rendered":"<p class=\"has-text-align-left has-large-font-size\"><br>A\u00e9rienne<\/p>\n\n\n\n<div class=\"wp-block-image\"><figure class=\"alignleft size-large is-resized\"><a href=\"https:\/\/fleuretbonbon.com\/wp-content\/uploads\/2019\/12\/Ae\u0301rienne-scaled.jpg\"><img loading=\"lazy\" src=\"https:\/\/fleuretbonbon.com\/wp-content\/uploads\/2019\/12\/Ae\u0301rienne-683x1024.jpg\" alt=\"\" class=\"wp-image-802\" width=\"171\" height=\"256\" srcset=\"https:\/\/fleuretbonbon.com\/wp-content\/uploads\/2019\/12\/Ae\u0301rienne-683x1024.jpg 683w, https:\/\/fleuretbonbon.com\/wp-content\/uploads\/2019\/12\/Ae\u0301rienne-scaled-1200x1800.jpg 1200w, https:\/\/fleuretbonbon.com\/wp-content\/uploads\/2019\/12\/Ae\u0301rienne-200x300.jpg 200w, https:\/\/fleuretbonbon.com\/wp-content\/uploads\/2019\/12\/Ae\u0301rienne-768x1152.jpg 768w, https:\/\/fleuretbonbon.com\/wp-content\/uploads\/2019\/12\/Ae\u0301rienne-1024x1536.jpg 1024w, https:\/\/fleuretbonbon.com\/wp-content\/uploads\/2019\/12\/Ae\u0301rienne-1365x2048.jpg 1365w, https:\/\/fleuretbonbon.com\/wp-content\/uploads\/2019\/12\/Ae\u0301rienne-1140x1710.jpg 1140w, https:\/\/fleuretbonbon.com\/wp-content\/uploads\/2019\/12\/Ae\u0301rienne-scaled.jpg 1707w\" sizes=\"(max-width: 171px) 100vw, 171px\" \/><\/a><\/figure><\/div>\n\n\n\n74% B\u00e9b\u00e9 Alpaga Suri, 26% Soie<br>328 verges (300 m) \/ 50 g<br>1 pli<br>D\u00e9licate laine incroyablement douce, l\u00e9g\u00e8re et a\u00e9rienne. Peut \u00eatre tricot\u00e9e seule, en double, ou encore en combinaison avec un autre fil. Peut remplacer le mohair.\n<br><br><br><br><br><br><br>\n\n\n\n<hr class=\"wp-block-separator\"\/>\n\n\n\n<p class=\"has-large-font-size\">Brillante<\/p>\n\n\n\n<div class=\"wp-block-image\"><figure class=\"alignleft size-large is-resized\"><a href=\"https:\/\/fleuretbonbon.com\/wp-content\/uploads\/2019\/12\/Brillante-scaled.jpg\"><img loading=\"lazy\" src=\"https:\/\/fleuretbonbon.com\/wp-content\/uploads\/2019\/12\/Brillante-683x1024.jpg\" alt=\"\" class=\"wp-image-803\" width=\"171\" height=\"256\" srcset=\"https:\/\/fleuretbonbon.com\/wp-content\/uploads\/2019\/12\/Brillante-683x1024.jpg 683w, https:\/\/fleuretbonbon.com\/wp-content\/uploads\/2019\/12\/Brillante-scaled-1200x1800.jpg 1200w, https:\/\/fleuretbonbon.com\/wp-content\/uploads\/2019\/12\/Brillante-200x300.jpg 200w, https:\/\/fleuretbonbon.com\/wp-content\/uploads\/2019\/12\/Brillante-768x1152.jpg 768w, https:\/\/fleuretbonbon.com\/wp-content\/uploads\/2019\/12\/Brillante-1024x1536.jpg 1024w, https:\/\/fleuretbonbon.com\/wp-content\/uploads\/2019\/12\/Brillante-1365x2048.jpg 1365w, https:\/\/fleuretbonbon.com\/wp-content\/uploads\/2019\/12\/Brillante-1140x1710.jpg 1140w, https:\/\/fleuretbonbon.com\/wp-content\/uploads\/2019\/12\/Brillante-scaled.jpg 1707w\" sizes=\"(max-width: 171px) 100vw, 171px\" \/><\/a><\/figure><\/div>\n\n\n\n72% Kid Mohair, 28 % Soie<br>459 verges (420 m) \/ 50 g<br>1 pli<br>Laine dentelle brillante et douce. Peut \u00eatre tricot\u00e9e seule ou encore en combinaison avec un autre fil pour ajouter texture et douceur.<br><br><br><br><br><br><br>\n\n\n\n<hr class=\"wp-block-separator\"\/>\n\n\n\n<p class=\"has-large-font-size\">Douce<\/p>\n\n\n\n<div class=\"wp-block-image is-style-default\"><figure class=\"alignleft size-large is-resized\"><a href=\"https:\/\/fleuretbonbon.com\/wp-content\/uploads\/2019\/12\/Douce-scaled.jpg\"><img loading=\"lazy\" src=\"https:\/\/fleuretbonbon.com\/wp-content\/uploads\/2019\/12\/Douce-686x1024.jpg\" alt=\"\" class=\"wp-image-805\" width=\"172\" height=\"256\" srcset=\"https:\/\/fleuretbonbon.com\/wp-content\/uploads\/2019\/12\/Douce-686x1024.jpg 686w, https:\/\/fleuretbonbon.com\/wp-content\/uploads\/2019\/12\/Douce-scaled-1200x1792.jpg 1200w, https:\/\/fleuretbonbon.com\/wp-content\/uploads\/2019\/12\/Douce-201x300.jpg 201w, https:\/\/fleuretbonbon.com\/wp-content\/uploads\/2019\/12\/Douce-768x1147.jpg 768w, https:\/\/fleuretbonbon.com\/wp-content\/uploads\/2019\/12\/Douce-1028x1536.jpg 1028w, https:\/\/fleuretbonbon.com\/wp-content\/uploads\/2019\/12\/Douce-1371x2048.jpg 1371w, https:\/\/fleuretbonbon.com\/wp-content\/uploads\/2019\/12\/Douce-1140x1703.jpg 1140w, https:\/\/fleuretbonbon.com\/wp-content\/uploads\/2019\/12\/Douce-scaled.jpg 1714w\" sizes=\"(max-width: 172px) 100vw, 172px\" \/><\/a><\/figure><\/div>\n\n\n\n85% M\u00e9rinos Extrafin (19,5 microns) Superwash, 15% Nylon<br>437 verges (400 m) \/ 100 g<br>4 plis<br>Laine \u00e0 bas (super fine, fingering) extra douce. Confort assur\u00e9. Tr\u00e8s versatile, parfaite pour les ch\u00e2les, les vestes et chandails, et aussi les bas. \n<br><br><br><br><br><br><br>\n\n\n\n<hr class=\"wp-block-separator\"\/>\n\n\n\n<p class=\"has-large-font-size\">Douce DK<\/p>\n\n\n\n<div class=\"wp-block-image\"><figure class=\"alignleft size-large is-resized\"><a href=\"https:\/\/fleuretbonbon.com\/wp-content\/uploads\/2019\/12\/Douce-DK-scaled.jpg\"><img loading=\"lazy\" src=\"https:\/\/fleuretbonbon.com\/wp-content\/uploads\/2019\/12\/Douce-DK-683x1024.jpg\" alt=\"\" class=\"wp-image-804\" width=\"171\" height=\"256\" srcset=\"https:\/\/fleuretbonbon.com\/wp-content\/uploads\/2019\/12\/Douce-DK-683x1024.jpg 683w, https:\/\/fleuretbonbon.com\/wp-content\/uploads\/2019\/12\/Douce-DK-scaled-1200x1800.jpg 1200w, https:\/\/fleuretbonbon.com\/wp-content\/uploads\/2019\/12\/Douce-DK-200x300.jpg 200w, https:\/\/fleuretbonbon.com\/wp-content\/uploads\/2019\/12\/Douce-DK-768x1152.jpg 768w, https:\/\/fleuretbonbon.com\/wp-content\/uploads\/2019\/12\/Douce-DK-1024x1536.jpg 1024w, https:\/\/fleuretbonbon.com\/wp-content\/uploads\/2019\/12\/Douce-DK-1365x2048.jpg 1365w, https:\/\/fleuretbonbon.com\/wp-content\/uploads\/2019\/12\/Douce-DK-1140x1710.jpg 1140w, https:\/\/fleuretbonbon.com\/wp-content\/uploads\/2019\/12\/Douce-DK-scaled.jpg 1707w\" sizes=\"(max-width: 171px) 100vw, 171px\" \/><\/a><\/figure><\/div>\n\n\n\n100% M\u00e9rinos Extrafin (19,5 microns) Superwash<br>219 verges (200 m) \/ 100 g<br>4 plis<br>Laine de taille DK, douce sur la peau. Parfaite pour les ch\u00e2les, tuques, vestes et chandails.\n<br><br><br><br><br><br><br>\n\n\n\n<hr class=\"wp-block-separator\"\/>\n\n\n\n<p class=\"has-large-font-size\">Luxueuse<\/p>\n\n\n\n<div class=\"wp-block-image\"><figure class=\"alignleft size-large is-resized\"><a href=\"https:\/\/fleuretbonbon.com\/wp-content\/uploads\/2019\/12\/Luxueuse-scaled.jpg\"><img loading=\"lazy\" src=\"https:\/\/fleuretbonbon.com\/wp-content\/uploads\/2019\/12\/Luxueuse-683x1024.jpg\" alt=\"\" class=\"wp-image-806\" width=\"171\" height=\"256\" srcset=\"https:\/\/fleuretbonbon.com\/wp-content\/uploads\/2019\/12\/Luxueuse-683x1024.jpg 683w, https:\/\/fleuretbonbon.com\/wp-content\/uploads\/2019\/12\/Luxueuse-scaled-1200x1800.jpg 1200w, https:\/\/fleuretbonbon.com\/wp-content\/uploads\/2019\/12\/Luxueuse-200x300.jpg 200w, https:\/\/fleuretbonbon.com\/wp-content\/uploads\/2019\/12\/Luxueuse-768x1152.jpg 768w, https:\/\/fleuretbonbon.com\/wp-content\/uploads\/2019\/12\/Luxueuse-1024x1536.jpg 1024w, https:\/\/fleuretbonbon.com\/wp-content\/uploads\/2019\/12\/Luxueuse-1365x2048.jpg 1365w, https:\/\/fleuretbonbon.com\/wp-content\/uploads\/2019\/12\/Luxueuse-1140x1710.jpg 1140w, https:\/\/fleuretbonbon.com\/wp-content\/uploads\/2019\/12\/Luxueuse-scaled.jpg 1707w\" sizes=\"(max-width: 171px) 100vw, 171px\" \/><\/a><\/figure><\/div>\n\n\n\n70% M\u00e9rinos Superwash, 20% Soie, 10% Cachemire<br>437 verges (400 m) \/ 100 g<br>3 plis<br>Laine \u00e0 bas (super fine, fingering) pur luxe! Douceur extr\u00eame. Parfaite pour les ch\u00e2les, et peut aussi convenir aux vestes et chandails.\n<br><br><br><br><br><br><br>\n\n\n\n<hr class=\"wp-block-separator\"\/>\n\n\n\n<p class=\"has-large-font-size\">Soyeuse<\/p>\n\n\n\n<div class=\"wp-block-image\"><figure class=\"alignleft size-large is-resized\"><a href=\"https:\/\/fleuretbonbon.com\/wp-content\/uploads\/2019\/12\/Soyeuse-scaled.jpg\"><img loading=\"lazy\" src=\"https:\/\/fleuretbonbon.com\/wp-content\/uploads\/2019\/12\/Soyeuse-683x1024.jpg\" alt=\"\" class=\"wp-image-807\" width=\"171\" height=\"256\" srcset=\"https:\/\/fleuretbonbon.com\/wp-content\/uploads\/2019\/12\/Soyeuse-683x1024.jpg 683w, https:\/\/fleuretbonbon.com\/wp-content\/uploads\/2019\/12\/Soyeuse-scaled-1200x1800.jpg 1200w, https:\/\/fleuretbonbon.com\/wp-content\/uploads\/2019\/12\/Soyeuse-200x300.jpg 200w, https:\/\/fleuretbonbon.com\/wp-content\/uploads\/2019\/12\/Soyeuse-768x1152.jpg 768w, https:\/\/fleuretbonbon.com\/wp-content\/uploads\/2019\/12\/Soyeuse-1024x1536.jpg 1024w, https:\/\/fleuretbonbon.com\/wp-content\/uploads\/2019\/12\/Soyeuse-1365x2048.jpg 1365w, https:\/\/fleuretbonbon.com\/wp-content\/uploads\/2019\/12\/Soyeuse-1140x1710.jpg 1140w, https:\/\/fleuretbonbon.com\/wp-content\/uploads\/2019\/12\/Soyeuse-scaled.jpg 1707w\" sizes=\"(max-width: 171px) 100vw, 171px\" \/><\/a><\/figure><\/div>\n\n\n\n80% M\u00e9rinos Superwash, 20% Soie<br>400 verges (366 m) \/ 100 g<br>2 plis<br>Laine super fine (fingering) soyeuse avec une l\u00e9g\u00e8re brillance gr\u00e2ce \u00e0 la soie. Un pur bonheur \u00e0 tricoter. Parfaite pour les ch\u00e2les, et peut aussi convenir aux vestes et chandails.\n<br><br><br><br><br><br><br>","protected":false},"excerpt":{"rendered":"<p>A\u00e9rienne 74% B\u00e9b\u00e9 Alpaga Suri, 26% Soie328 verges (300 m) \/ 50 g1 pliD\u00e9licate laine incroyablement douce, l\u00e9g\u00e8re et a\u00e9rienne. Peut \u00eatre tricot\u00e9e seule, en double, ou encore en combinaison avec un autre fil. Peut remplacer le mohair. Brillante 72% Kid Mohair, 28 % Soie459 verges (420 m) \/ 50 g1 pliLaine dentelle brillante et douce. Peut \u00eatre tricot\u00e9e seule ou encore en combinaison avec un autre fil pour ajouter texture et douceur. Douce 85% M\u00e9rinos Extrafin (19,5 microns) Superwash, 15% Nylon437 verges (400 m) \/ 100 g4 plisLaine \u00e0 bas (super fine, fingering) extra douce. Confort assur\u00e9. Tr\u00e8s versatile, parfaite pour les ch\u00e2les, les vestes et chandails, et aussi les bas. Douce DK 100% M\u00e9rinos Extrafin (19,5 microns) Superwash219 verges (200 m) \/ 100 g4 plisLaine de taille DK, douce sur la peau. Parfaite pour les ch\u00e2les, tuques, vestes et chandails. Luxueuse 70% M\u00e9rinos Superwash, 20% Soie, 10% Cachemire437 verges (400 m) \/ 100 g3 plisLaine \u00e0 bas (super fine, fingering) pur luxe! Douceur extr\u00eame. Parfaite pour les ch\u00e2les, et peut aussi convenir aux vestes et chandails. Soyeuse 80% M\u00e9rinos Superwash, 20% Soie400 verges (366 m) \/ 100 g2 plisLaine super fine (fingering) soyeuse avec une l\u00e9g\u00e8re brillance gr\u00e2ce \u00e0 la soie. Un pur bonheur \u00e0 tricoter. Parfaite pour les ch\u00e2les, et peut aussi convenir aux vestes et chandails.<\/p>\n","protected":false},"author":1,"featured_media":0,"parent":0,"menu_order":0,"comment_status":"closed","ping_status":"closed","template":"","meta":{"spay_email":""},"yoast_head":"<!-- This site is optimized with the Yoast SEO plugin v19.0 - https:\/\/yoast.com\/wordpress\/plugins\/seo\/ -->\n<title>Bases de laine - Fleur et Bonbon<\/title>\n<meta name=\"robots\" content=\"noindex, follow\" \/>\n<meta property=\"og:locale\" content=\"fr_FR\" \/>\n<meta property=\"og:type\" content=\"article\" \/>\n<meta property=\"og:title\" content=\"Bases de laine - Fleur et Bonbon\" \/>\n<meta property=\"og:description\" content=\"A\u00e9rienne 74% B\u00e9b\u00e9 Alpaga Suri, 26% Soie328 verges (300 m) \/ 50 g1 pliD\u00e9licate laine incroyablement douce, l\u00e9g\u00e8re et a\u00e9rienne. Peut \u00eatre tricot\u00e9e seule, en double, ou encore en combinaison avec un autre fil. Peut remplacer le mohair. Brillante 72% Kid Mohair, 28 % Soie459 verges (420 m) \/ 50 g1 pliLaine dentelle brillante et douce. Peut \u00eatre tricot\u00e9e seule ou encore en combinaison avec un autre fil pour ajouter texture et douceur. Douce 85% M\u00e9rinos Extrafin (19,5 microns) Superwash, 15% Nylon437 verges (400 m) \/ 100 g4 plisLaine \u00e0 bas (super fine, fingering) extra douce. Confort assur\u00e9. Tr\u00e8s versatile, parfaite pour les ch\u00e2les, les vestes et chandails, et aussi les bas. Douce DK 100% M\u00e9rinos Extrafin (19,5 microns) Superwash219 verges (200 m) \/ 100 g4 plisLaine de taille DK, douce sur la peau. Parfaite pour les ch\u00e2les, tuques, vestes et chandails. Luxueuse 70% M\u00e9rinos Superwash, 20% Soie, 10% Cachemire437 verges (400 m) \/ 100 g3 plisLaine \u00e0 bas (super fine, fingering) pur luxe! Douceur extr\u00eame. Parfaite pour les ch\u00e2les, et peut aussi convenir aux vestes et chandails. Soyeuse 80% M\u00e9rinos Superwash, 20% Soie400 verges (366 m) \/ 100 g2 plisLaine super fine (fingering) soyeuse avec une l\u00e9g\u00e8re brillance gr\u00e2ce \u00e0 la soie. Un pur bonheur \u00e0 tricoter. Parfaite pour les ch\u00e2les, et peut aussi convenir aux vestes et chandails.\" \/>\n<meta property=\"og:url\" content=\"https:\/\/fleuretbonbon.com\/fr\/bases-de-laine\/\" \/>\n<meta property=\"og:site_name\" content=\"Fleur et Bonbon\" \/>\n<meta property=\"article:modified_time\" content=\"2019-12-09T13:29:09+00:00\" \/>\n<meta property=\"og:image\" content=\"https:\/\/fleuretbonbon.com\/wp-content\/uploads\/2019\/12\/Ae\u0301rienne-683x1024.jpg\" \/>\n<meta name=\"twitter:card\" content=\"summary_large_image\" \/>\n<meta name=\"twitter:label1\" content=\"Dur\u00e9e de lecture estim\u00e9e\" \/>\n\t<meta name=\"twitter:data1\" content=\"2 minutes\" \/>\n<script type=\"application\/ld+json\" class=\"yoast-schema-graph\">{\"@context\":\"https:\/\/schema.org\",\"@graph\":[{\"@type\":\"Organization\",\"@id\":\"https:\/\/fleuretbonbon.com\/fr\/#organization\",\"name\":\"Fleur et Bonbon\",\"url\":\"https:\/\/fleuretbonbon.com\/fr\/\",\"sameAs\":[],\"logo\":{\"@type\":\"ImageObject\",\"inLanguage\":\"fr-FR\",\"@id\":\"https:\/\/fleuretbonbon.com\/fr\/#\/schema\/logo\/image\/\",\"url\":\"https:\/\/fleuretbonbon.com\/wp-content\/uploads\/2019\/12\/Logo-final2.jpg\",\"contentUrl\":\"https:\/\/fleuretbonbon.com\/wp-content\/uploads\/2019\/12\/Logo-final2.jpg\",\"width\":1149,\"height\":155,\"caption\":\"Fleur et Bonbon\"},\"image\":{\"@id\":\"https:\/\/fleuretbonbon.com\/fr\/#\/schema\/logo\/image\/\"}},{\"@type\":\"WebSite\",\"@id\":\"https:\/\/fleuretbonbon.com\/fr\/#website\",\"url\":\"https:\/\/fleuretbonbon.com\/fr\/\",\"name\":\"Fleur et Bonbon\",\"description\":\"Laine teinte \u00e0 la main - Patrons de tricot\",\"publisher\":{\"@id\":\"https:\/\/fleuretbonbon.com\/fr\/#organization\"},\"potentialAction\":[{\"@type\":\"SearchAction\",\"target\":{\"@type\":\"EntryPoint\",\"urlTemplate\":\"https:\/\/fleuretbonbon.com\/fr\/?s={search_term_string}\"},\"query-input\":\"required name=search_term_string\"}],\"inLanguage\":\"fr-FR\"},{\"@type\":\"ImageObject\",\"inLanguage\":\"fr-FR\",\"@id\":\"https:\/\/fleuretbonbon.com\/fr\/bases-de-laine\/#primaryimage\",\"url\":\"https:\/\/fleuretbonbon.com\/wp-content\/uploads\/2019\/12\/Brillante-683x1024.jpg\",\"contentUrl\":\"https:\/\/fleuretbonbon.com\/wp-content\/uploads\/2019\/12\/Brillante-683x1024.jpg\"},{\"@type\":\"WebPage\",\"@id\":\"https:\/\/fleuretbonbon.com\/fr\/bases-de-laine\/#webpage\",\"url\":\"https:\/\/fleuretbonbon.com\/fr\/bases-de-laine\/\",\"name\":\"Bases de laine - Fleur et Bonbon\",\"isPartOf\":{\"@id\":\"https:\/\/fleuretbonbon.com\/fr\/#website\"},\"primaryImageOfPage\":{\"@id\":\"https:\/\/fleuretbonbon.com\/fr\/bases-de-laine\/#primaryimage\"},\"datePublished\":\"2019-11-24T03:06:44+00:00\",\"dateModified\":\"2019-12-09T13:29:09+00:00\",\"breadcrumb\":{\"@id\":\"https:\/\/fleuretbonbon.com\/fr\/bases-de-laine\/#breadcrumb\"},\"inLanguage\":\"fr-FR\",\"potentialAction\":[{\"@type\":\"ReadAction\",\"target\":[\"https:\/\/fleuretbonbon.com\/fr\/bases-de-laine\/\"]}]},{\"@type\":\"BreadcrumbList\",\"@id\":\"https:\/\/fleuretbonbon.com\/fr\/bases-de-laine\/#breadcrumb\",\"itemListElement\":[{\"@type\":\"ListItem\",\"position\":1,\"name\":\"Accueil\",\"item\":\"https:\/\/fleuretbonbon.com\/fr\/\"},{\"@type\":\"ListItem\",\"position\":2,\"name\":\"Bases de laine\"}]}]}<\/script>\n<!-- \/ Yoast SEO plugin. -->","yoast_head_json":{"title":"Bases de laine - Fleur et Bonbon","robots":{"index":"noindex","follow":"follow"},"og_locale":"fr_FR","og_type":"article","og_title":"Bases de laine - Fleur et Bonbon","og_description":"A\u00e9rienne 74% B\u00e9b\u00e9 Alpaga Suri, 26% Soie328 verges (300 m) \/ 50 g1 pliD\u00e9licate laine incroyablement douce, l\u00e9g\u00e8re et a\u00e9rienne. Peut \u00eatre tricot\u00e9e seule, en double, ou encore en combinaison avec un autre fil. Peut remplacer le mohair. Brillante 72% Kid Mohair, 28 % Soie459 verges (420 m) \/ 50 g1 pliLaine dentelle brillante et douce. Peut \u00eatre tricot\u00e9e seule ou encore en combinaison avec un autre fil pour ajouter texture et douceur. Douce 85% M\u00e9rinos Extrafin (19,5 microns) Superwash, 15% Nylon437 verges (400 m) \/ 100 g4 plisLaine \u00e0 bas (super fine, fingering) extra douce. Confort assur\u00e9. Tr\u00e8s versatile, parfaite pour les ch\u00e2les, les vestes et chandails, et aussi les bas. Douce DK 100% M\u00e9rinos Extrafin (19,5 microns) Superwash219 verges (200 m) \/ 100 g4 plisLaine de taille DK, douce sur la peau. Parfaite pour les ch\u00e2les, tuques, vestes et chandails. Luxueuse 70% M\u00e9rinos Superwash, 20% Soie, 10% Cachemire437 verges (400 m) \/ 100 g3 plisLaine \u00e0 bas (super fine, fingering) pur luxe! Douceur extr\u00eame. Parfaite pour les ch\u00e2les, et peut aussi convenir aux vestes et chandails. Soyeuse 80% M\u00e9rinos Superwash, 20% Soie400 verges (366 m) \/ 100 g2 plisLaine super fine (fingering) soyeuse avec une l\u00e9g\u00e8re brillance gr\u00e2ce \u00e0 la soie. Un pur bonheur \u00e0 tricoter. Parfaite pour les ch\u00e2les, et peut aussi convenir aux vestes et chandails.","og_url":"https:\/\/fleuretbonbon.com\/fr\/bases-de-laine\/","og_site_name":"Fleur et Bonbon","article_modified_time":"2019-12-09T13:29:09+00:00","og_image":[{"url":"https:\/\/fleuretbonbon.com\/wp-content\/uploads\/2019\/12\/Ae\u0301rienne-683x1024.jpg"}],"twitter_card":"summary_large_image","twitter_misc":{"Dur\u00e9e de lecture estim\u00e9e":"2 minutes"},"schema":{"@context":"https:\/\/schema.org","@graph":[{"@type":"Organization","@id":"https:\/\/fleuretbonbon.com\/fr\/#organization","name":"Fleur et Bonbon","url":"https:\/\/fleuretbonbon.com\/fr\/","sameAs":[],"logo":{"@type":"ImageObject","inLanguage":"fr-FR","@id":"https:\/\/fleuretbonbon.com\/fr\/#\/schema\/logo\/image\/","url":"https:\/\/fleuretbonbon.com\/wp-content\/uploads\/2019\/12\/Logo-final2.jpg","contentUrl":"https:\/\/fleuretbonbon.com\/wp-content\/uploads\/2019\/12\/Logo-final2.jpg","width":1149,"height":155,"caption":"Fleur et Bonbon"},"image":{"@id":"https:\/\/fleuretbonbon.com\/fr\/#\/schema\/logo\/image\/"}},{"@type":"WebSite","@id":"https:\/\/fleuretbonbon.com\/fr\/#website","url":"https:\/\/fleuretbonbon.com\/fr\/","name":"Fleur et Bonbon","description":"Laine teinte \u00e0 la main - Patrons de tricot","publisher":{"@id":"https:\/\/fleuretbonbon.com\/fr\/#organization"},"potentialAction":[{"@type":"SearchAction","target":{"@type":"EntryPoint","urlTemplate":"https:\/\/fleuretbonbon.com\/fr\/?s={search_term_string}"},"query-input":"required name=search_term_string"}],"inLanguage":"fr-FR"},{"@type":"ImageObject","inLanguage":"fr-FR","@id":"https:\/\/fleuretbonbon.com\/fr\/bases-de-laine\/#primaryimage","url":"https:\/\/fleuretbonbon.com\/wp-content\/uploads\/2019\/12\/Brillante-683x1024.jpg","contentUrl":"https:\/\/fleuretbonbon.com\/wp-content\/uploads\/2019\/12\/Brillante-683x1024.jpg"},{"@type":"WebPage","@id":"https:\/\/fleuretbonbon.com\/fr\/bases-de-laine\/#webpage","url":"https:\/\/fleuretbonbon.com\/fr\/bases-de-laine\/","name":"Bases de laine - Fleur et Bonbon","isPartOf":{"@id":"https:\/\/fleuretbonbon.com\/fr\/#website"},"primaryImageOfPage":{"@id":"https:\/\/fleuretbonbon.com\/fr\/bases-de-laine\/#primaryimage"},"datePublished":"2019-11-24T03:06:44+00:00","dateModified":"2019-12-09T13:29:09+00:00","breadcrumb":{"@id":"https:\/\/fleuretbonbon.com\/fr\/bases-de-laine\/#breadcrumb"},"inLanguage":"fr-FR","potentialAction":[{"@type":"ReadAction","target":["https:\/\/fleuretbonbon.com\/fr\/bases-de-laine\/"]}]},{"@type":"BreadcrumbList","@id":"https:\/\/fleuretbonbon.com\/fr\/bases-de-laine\/#breadcrumb","itemListElement":[{"@type":"ListItem","position":1,"name":"Accueil","item":"https:\/\/fleuretbonbon.com\/fr\/"},{"@type":"ListItem","position":2,"name":"Bases de laine"}]}]}},"_links":{"self":[{"href":"https:\/\/fleuretbonbon.com\/fr\/wp-json\/wp\/v2\/pages\/393"}],"collection":[{"href":"https:\/\/fleuretbonbon.com\/fr\/wp-json\/wp\/v2\/pages"}],"about":[{"href":"https:\/\/fleuretbonbon.com\/fr\/wp-json\/wp\/v2\/types\/page"}],"author":[{"embeddable":true,"href":"https:\/\/fleuretbonbon.com\/fr\/wp-json\/wp\/v2\/users\/1"}],"replies":[{"embeddable":true,"href":"https:\/\/fleuretbonbon.com\/fr\/wp-json\/wp\/v2\/comments?post=393"}],"version-history":[{"count":77,"href":"https:\/\/fleuretbonbon.com\/fr\/wp-json\/wp\/v2\/pages\/393\/revisions"}],"predecessor-version":[{"id":1170,"href":"https:\/\/fleuretbonbon.com\/fr\/wp-json\/wp\/v2\/pages\/393\/revisions\/1170"}],"wp:attachment":[{"href":"https:\/\/fleuretbonbon.com\/fr\/wp-json\/wp\/v2\/media?parent=393"}],"curies":[{"name":"wp","href":"https:\/\/api.w.org\/{rel}","templated":true}]}}