{"id":3,"date":"2019-11-17T22:18:35","date_gmt":"2019-11-17T22:18:35","guid":{"rendered":"https:\/\/fleuretbonbon.com\/?page_id=3"},"modified":"2019-12-13T17:36:14","modified_gmt":"2019-12-13T21:36:14","slug":"privacy-policy","status":"publish","type":"page","link":"https:\/\/fleuretbonbon.com\/fr\/privacy-policy\/","title":{"rendered":"Politique de confidentialit\u00e9"},"content":{"rendered":"<p><\/p>\n\n\n<h2>Qui sommes-nous ?<\/h2>\n\n\n\n<p>L&rsquo;adresse de notre site est : https:\/\/fleuretbonbon.com.<\/p>\n\n\n\n<h2>Quelles donn\u00e9es personnelles nous recueillons et pourquoi nous les recueillons<\/h2>\n\n\n\n<h3>Media<\/h3>\n\n\n\n<p>Si vous t\u00e9l\u00e9chargez des images sur le site Web, vous devez \u00e9viter de t\u00e9l\u00e9charger des images avec des donn\u00e9es de localisation int\u00e9gr\u00e9es (EXIF GPS) incluses.<\/p>\n\n\n\n<h3>Formulaire de contact<\/h3>\n\n\n\n<p>Si vous entrez en contact avec nous sur notre site via le formulaire de contact, vous nous transmettez votre nom, pr\u00e9nom et e-mail que vous enregistrez dans des cookies. C&rsquo;est pour votre commodit\u00e9 afin que vous n&rsquo;ayez pas \u00e0 remplir vos coordonn\u00e9es \u00e0 nouveau lorsque vous laissez un autre commentaire. Ces cookies dureront un an.<\/p>\n\n\n\n<h3>Cookies<\/h3>\n\n\n\n<p>Si vous visitez notre page de connexion, nous installerons un cookie temporaire pour d\u00e9terminer si votre navigateur accepte les cookies. Ce cookie ne contient aucune donn\u00e9e personnelle et est supprim\u00e9 lorsque vous fermez votre navigateur.<\/p>\n\n\n\n<p>Lorsque vous vous connectez, nous allons \u00e9galement mettre en place plusieurs cookies pour enregistrer vos informations de connexion et vos choix d&rsquo;affichage \u00e0 l&rsquo;\u00e9cran. Les cookies de connexion durent deux jours et les cookies d&rsquo;options d&rsquo;\u00e9cran durent un an. Si vous s\u00e9lectionnez \u00abSe souvenir de moi\u00bb, votre connexion persistera pendant deux semaines. Si vous vous d\u00e9connectez de votre compte, les cookies de connexion seront supprim\u00e9s.<\/p>\n\n\n\n<h3>Contenu int\u00e9gr\u00e9 provenant d&rsquo;autres sites Web<\/h3>\n\n\n\n<p>Les pages de ce site peuvent inclure du contenu int\u00e9gr\u00e9 (par exemple, des vid\u00e9os, des images, des articles, etc.). Le contenu int\u00e9gr\u00e9 provenant d&rsquo;autres sites Web se comporte exactement de la m\u00eame mani\u00e8re que si le visiteur avait visit\u00e9 l&rsquo;autre site Web.<\/p>\n\n\n\n<p>Ces sites Web peuvent collecter des donn\u00e9es sur vous, utiliser des cookies, int\u00e9grer un suivi tiers suppl\u00e9mentaire et surveiller votre interaction avec ce contenu int\u00e9gr\u00e9, y compris le suivi de votre interaction avec le contenu int\u00e9gr\u00e9 si vous avez un compte et \u00eates connect\u00e9 \u00e0 ce site Web.<\/p>\n\n\n\n<h3>Statistiques d&rsquo;utilisation<\/h3>\n\n\n\n<p>Nous \u00e9laborons des statistiques de navigation sur l&rsquo;ensemble des pages du site.<\/p>\n\n\n\n<h2>Avec qui partageons-nous vos donn\u00e9es<\/h2>\n\n\n\n<p>Nous ne partageons vos informations personnelles avec personne, except\u00e9 pour le transport lors d&rsquo;une commande afin de pouvoir effectuer la livraison.<\/p>\n\n\n\n<h2>Combien de temps nous conservons vos donn\u00e9es<\/h2>\n\n\n\n<p>Pour les utilisateurs qui s&rsquo;inscrivent sur notre site Web (le cas \u00e9ch\u00e9ant), nous stockons \u00e9galement les informations personnelles qu&rsquo;ils fournissent dans leur profil d&rsquo;utilisateur. Tous les utilisateurs peuvent voir, modifier ou supprimer leurs informations personnelles \u00e0 tout moment (sauf qu&rsquo;ils ne peuvent pas changer leur nom d&rsquo;utilisateur). Les administrateurs de sites Web peuvent \u00e9galement voir et modifier ces informations sur simple demande \u00e0 contact@fleuretbonbon.com. Au bout de 3 ans dans activit\u00e9s sur notre site, nous nous engageons \u00e0 supprimer vos informations personnelles.<\/p>\n\n\n\n<h2>Quels droits vous avez sur vos donn\u00e9es<\/h2>\n\n\n\n<p>Si vous avez un compte sur ce site, vous pouvez demander \u00e0 recevoir un fichier export\u00e9 des donn\u00e9es personnelles que nous d\u00e9tenons \u00e0 votre sujet, y compris toutes les donn\u00e9es que vous nous avez fournies. Vous pouvez \u00e9galement demander que nous effacions toutes les donn\u00e9es personnelles que nous d\u00e9tenons \u00e0 votre sujet. Cela ne comprend pas les donn\u00e9es que nous sommes tenus de conserver \u00e0 des fins administratives, juridiques ou de s\u00e9curit\u00e9.<\/p>\n\n\n\n<h2>Votre contact :<\/h2>\n\n\n\n<p>contact@fleuretbonbon.com<\/p>\n\n\n<p><\/p>","protected":false},"excerpt":{"rendered":"<p>Qui sommes-nous ? L&rsquo;adresse de notre site est : https:\/\/fleuretbonbon.com. Quelles donn\u00e9es personnelles nous recueillons et pourquoi nous les recueillons Media Si vous t\u00e9l\u00e9chargez des images sur le site Web, vous devez \u00e9viter de t\u00e9l\u00e9charger des images avec des donn\u00e9es de localisation int\u00e9gr\u00e9es (EXIF GPS) incluses. Formulaire de contact Si vous entrez en contact avec nous sur notre site via le formulaire de contact, vous nous transmettez votre nom, pr\u00e9nom et e-mail que vous enregistrez dans des cookies. C&rsquo;est pour votre commodit\u00e9 afin que vous n&rsquo;ayez pas \u00e0 remplir vos coordonn\u00e9es \u00e0 nouveau lorsque vous laissez un autre commentaire. Ces cookies dureront un an. Cookies Si vous visitez notre page de connexion, nous installerons un cookie temporaire pour d\u00e9terminer si votre navigateur accepte les cookies. Ce cookie ne contient aucune donn\u00e9e personnelle et est supprim\u00e9 lorsque vous fermez votre navigateur. Lorsque vous vous connectez, nous allons \u00e9galement mettre en place plusieurs cookies pour enregistrer vos informations de connexion et vos choix d&rsquo;affichage \u00e0 l&rsquo;\u00e9cran. Les cookies de connexion durent deux jours et les cookies d&rsquo;options d&rsquo;\u00e9cran durent un an. Si vous s\u00e9lectionnez \u00abSe souvenir de moi\u00bb, votre connexion persistera pendant deux semaines. Si vous vous d\u00e9connectez de votre compte, les cookies de connexion seront supprim\u00e9s. Contenu int\u00e9gr\u00e9 provenant d&rsquo;autres sites Web Les pages de ce site peuvent inclure du contenu int\u00e9gr\u00e9 (par exemple, des vid\u00e9os, des images, des articles, etc.). Le contenu int\u00e9gr\u00e9 provenant d&rsquo;autres sites Web se comporte exactement de la m\u00eame mani\u00e8re que si le visiteur avait visit\u00e9 l&rsquo;autre site Web. Ces sites Web peuvent collecter des donn\u00e9es sur vous, utiliser des cookies, int\u00e9grer un suivi tiers suppl\u00e9mentaire et surveiller votre interaction avec ce contenu int\u00e9gr\u00e9, y compris le suivi de votre interaction avec le contenu int\u00e9gr\u00e9 si vous avez un compte et \u00eates connect\u00e9 \u00e0 ce site Web. Statistiques d&rsquo;utilisation Nous \u00e9laborons des statistiques de navigation sur l&rsquo;ensemble des pages du site. Avec qui partageons-nous vos donn\u00e9es Nous ne partageons vos informations personnelles avec personne, except\u00e9 pour le transport lors d&rsquo;une commande afin de pouvoir effectuer la livraison. Combien de temps nous conservons vos donn\u00e9es Pour les utilisateurs qui s&rsquo;inscrivent sur notre site Web (le cas \u00e9ch\u00e9ant), nous stockons \u00e9galement les informations personnelles qu&rsquo;ils fournissent dans leur profil d&rsquo;utilisateur. Tous les utilisateurs peuvent voir, modifier ou supprimer leurs informations personnelles \u00e0 tout moment (sauf qu&rsquo;ils ne peuvent pas changer leur nom d&rsquo;utilisateur). Les administrateurs de sites Web peuvent \u00e9galement voir et modifier ces informations sur simple demande \u00e0 contact@fleuretbonbon.com. Au bout de 3 ans dans activit\u00e9s sur notre site, nous nous engageons \u00e0 supprimer vos informations personnelles. Quels droits vous avez sur vos donn\u00e9es Si vous avez un compte sur ce site, vous pouvez demander \u00e0 recevoir un fichier export\u00e9 des donn\u00e9es personnelles que nous d\u00e9tenons \u00e0 votre sujet, y compris toutes les donn\u00e9es que vous nous avez fournies. Vous pouvez \u00e9galement demander que nous effacions toutes les donn\u00e9es personnelles que nous d\u00e9tenons \u00e0 votre sujet. Cela ne comprend pas les donn\u00e9es que nous sommes tenus de conserver \u00e0 des fins administratives, juridiques ou de s\u00e9curit\u00e9. Votre contact : contact@fleuretbonbon.com<\/p>\n","protected":false},"author":1,"featured_media":0,"parent":0,"menu_order":0,"comment_status":"closed","ping_status":"open","template":"","meta":{"spay_email":""},"yoast_head":"<!-- This site is optimized with the Yoast SEO plugin v19.0 - https:\/\/yoast.com\/wordpress\/plugins\/seo\/ -->\n<title>Politique de confidentialit\u00e9 - Fleur et Bonbon<\/title>\n<meta name=\"robots\" content=\"noindex, follow\" \/>\n<meta property=\"og:locale\" content=\"fr_FR\" \/>\n<meta property=\"og:type\" content=\"article\" \/>\n<meta property=\"og:title\" content=\"Politique de confidentialit\u00e9 - Fleur et Bonbon\" \/>\n<meta property=\"og:description\" content=\"Qui sommes-nous ? L&rsquo;adresse de notre site est : https:\/\/fleuretbonbon.com. Quelles donn\u00e9es personnelles nous recueillons et pourquoi nous les recueillons Media Si vous t\u00e9l\u00e9chargez des images sur le site Web, vous devez \u00e9viter de t\u00e9l\u00e9charger des images avec des donn\u00e9es de localisation int\u00e9gr\u00e9es (EXIF GPS) incluses. Formulaire de contact Si vous entrez en contact avec nous sur notre site via le formulaire de contact, vous nous transmettez votre nom, pr\u00e9nom et e-mail que vous enregistrez dans des cookies. C&rsquo;est pour votre commodit\u00e9 afin que vous n&rsquo;ayez pas \u00e0 remplir vos coordonn\u00e9es \u00e0 nouveau lorsque vous laissez un autre commentaire. Ces cookies dureront un an. Cookies Si vous visitez notre page de connexion, nous installerons un cookie temporaire pour d\u00e9terminer si votre navigateur accepte les cookies. Ce cookie ne contient aucune donn\u00e9e personnelle et est supprim\u00e9 lorsque vous fermez votre navigateur. Lorsque vous vous connectez, nous allons \u00e9galement mettre en place plusieurs cookies pour enregistrer vos informations de connexion et vos choix d&rsquo;affichage \u00e0 l&rsquo;\u00e9cran. Les cookies de connexion durent deux jours et les cookies d&rsquo;options d&rsquo;\u00e9cran durent un an. Si vous s\u00e9lectionnez \u00abSe souvenir de moi\u00bb, votre connexion persistera pendant deux semaines. Si vous vous d\u00e9connectez de votre compte, les cookies de connexion seront supprim\u00e9s. Contenu int\u00e9gr\u00e9 provenant d&rsquo;autres sites Web Les pages de ce site peuvent inclure du contenu int\u00e9gr\u00e9 (par exemple, des vid\u00e9os, des images, des articles, etc.). Le contenu int\u00e9gr\u00e9 provenant d&rsquo;autres sites Web se comporte exactement de la m\u00eame mani\u00e8re que si le visiteur avait visit\u00e9 l&rsquo;autre site Web. Ces sites Web peuvent collecter des donn\u00e9es sur vous, utiliser des cookies, int\u00e9grer un suivi tiers suppl\u00e9mentaire et surveiller votre interaction avec ce contenu int\u00e9gr\u00e9, y compris le suivi de votre interaction avec le contenu int\u00e9gr\u00e9 si vous avez un compte et \u00eates connect\u00e9 \u00e0 ce site Web. Statistiques d&rsquo;utilisation Nous \u00e9laborons des statistiques de navigation sur l&rsquo;ensemble des pages du site. Avec qui partageons-nous vos donn\u00e9es Nous ne partageons vos informations personnelles avec personne, except\u00e9 pour le transport lors d&rsquo;une commande afin de pouvoir effectuer la livraison. Combien de temps nous conservons vos donn\u00e9es Pour les utilisateurs qui s&rsquo;inscrivent sur notre site Web (le cas \u00e9ch\u00e9ant), nous stockons \u00e9galement les informations personnelles qu&rsquo;ils fournissent dans leur profil d&rsquo;utilisateur. Tous les utilisateurs peuvent voir, modifier ou supprimer leurs informations personnelles \u00e0 tout moment (sauf qu&rsquo;ils ne peuvent pas changer leur nom d&rsquo;utilisateur). Les administrateurs de sites Web peuvent \u00e9galement voir et modifier ces informations sur simple demande \u00e0 contact@fleuretbonbon.com. Au bout de 3 ans dans activit\u00e9s sur notre site, nous nous engageons \u00e0 supprimer vos informations personnelles. Quels droits vous avez sur vos donn\u00e9es Si vous avez un compte sur ce site, vous pouvez demander \u00e0 recevoir un fichier export\u00e9 des donn\u00e9es personnelles que nous d\u00e9tenons \u00e0 votre sujet, y compris toutes les donn\u00e9es que vous nous avez fournies. Vous pouvez \u00e9galement demander que nous effacions toutes les donn\u00e9es personnelles que nous d\u00e9tenons \u00e0 votre sujet. Cela ne comprend pas les donn\u00e9es que nous sommes tenus de conserver \u00e0 des fins administratives, juridiques ou de s\u00e9curit\u00e9. Votre contact : contact@fleuretbonbon.com\" \/>\n<meta property=\"og:url\" content=\"https:\/\/fleuretbonbon.com\/fr\/privacy-policy\/\" \/>\n<meta property=\"og:site_name\" content=\"Fleur et Bonbon\" \/>\n<meta property=\"article:modified_time\" content=\"2019-12-13T21:36:14+00:00\" \/>\n<meta name=\"twitter:card\" content=\"summary_large_image\" \/>\n<meta name=\"twitter:label1\" content=\"Dur\u00e9e de lecture estim\u00e9e\" \/>\n\t<meta name=\"twitter:data1\" content=\"5 minutes\" \/>\n<script type=\"application\/ld+json\" class=\"yoast-schema-graph\">{\"@context\":\"https:\/\/schema.org\",\"@graph\":[{\"@type\":\"Organization\",\"@id\":\"https:\/\/fleuretbonbon.com\/fr\/#organization\",\"name\":\"Fleur et Bonbon\",\"url\":\"https:\/\/fleuretbonbon.com\/fr\/\",\"sameAs\":[],\"logo\":{\"@type\":\"ImageObject\",\"inLanguage\":\"fr-FR\",\"@id\":\"https:\/\/fleuretbonbon.com\/fr\/#\/schema\/logo\/image\/\",\"url\":\"https:\/\/fleuretbonbon.com\/wp-content\/uploads\/2019\/12\/Logo-final2.jpg\",\"contentUrl\":\"https:\/\/fleuretbonbon.com\/wp-content\/uploads\/2019\/12\/Logo-final2.jpg\",\"width\":1149,\"height\":155,\"caption\":\"Fleur et Bonbon\"},\"image\":{\"@id\":\"https:\/\/fleuretbonbon.com\/fr\/#\/schema\/logo\/image\/\"}},{\"@type\":\"WebSite\",\"@id\":\"https:\/\/fleuretbonbon.com\/fr\/#website\",\"url\":\"https:\/\/fleuretbonbon.com\/fr\/\",\"name\":\"Fleur et Bonbon\",\"description\":\"Laine teinte \u00e0 la main - Patrons de tricot\",\"publisher\":{\"@id\":\"https:\/\/fleuretbonbon.com\/fr\/#organization\"},\"potentialAction\":[{\"@type\":\"SearchAction\",\"target\":{\"@type\":\"EntryPoint\",\"urlTemplate\":\"https:\/\/fleuretbonbon.com\/fr\/?s={search_term_string}\"},\"query-input\":\"required name=search_term_string\"}],\"inLanguage\":\"fr-FR\"},{\"@type\":\"WebPage\",\"@id\":\"https:\/\/fleuretbonbon.com\/fr\/privacy-policy\/#webpage\",\"url\":\"https:\/\/fleuretbonbon.com\/fr\/privacy-policy\/\",\"name\":\"Politique de confidentialit\u00e9 - Fleur et Bonbon\",\"isPartOf\":{\"@id\":\"https:\/\/fleuretbonbon.com\/fr\/#website\"},\"datePublished\":\"2019-11-17T22:18:35+00:00\",\"dateModified\":\"2019-12-13T21:36:14+00:00\",\"breadcrumb\":{\"@id\":\"https:\/\/fleuretbonbon.com\/fr\/privacy-policy\/#breadcrumb\"},\"inLanguage\":\"fr-FR\",\"potentialAction\":[{\"@type\":\"ReadAction\",\"target\":[\"https:\/\/fleuretbonbon.com\/fr\/privacy-policy\/\"]}]},{\"@type\":\"BreadcrumbList\",\"@id\":\"https:\/\/fleuretbonbon.com\/fr\/privacy-policy\/#breadcrumb\",\"itemListElement\":[{\"@type\":\"ListItem\",\"position\":1,\"name\":\"Accueil\",\"item\":\"https:\/\/fleuretbonbon.com\/fr\/\"},{\"@type\":\"ListItem\",\"position\":2,\"name\":\"Politique de confidentialit\u00e9\"}]}]}<\/script>\n<!-- \/ Yoast SEO plugin. -->","yoast_head_json":{"title":"Politique de confidentialit\u00e9 - Fleur et Bonbon","robots":{"index":"noindex","follow":"follow"},"og_locale":"fr_FR","og_type":"article","og_title":"Politique de confidentialit\u00e9 - Fleur et Bonbon","og_description":"Qui sommes-nous ? L&rsquo;adresse de notre site est : https:\/\/fleuretbonbon.com. Quelles donn\u00e9es personnelles nous recueillons et pourquoi nous les recueillons Media Si vous t\u00e9l\u00e9chargez des images sur le site Web, vous devez \u00e9viter de t\u00e9l\u00e9charger des images avec des donn\u00e9es de localisation int\u00e9gr\u00e9es (EXIF GPS) incluses. Formulaire de contact Si vous entrez en contact avec nous sur notre site via le formulaire de contact, vous nous transmettez votre nom, pr\u00e9nom et e-mail que vous enregistrez dans des cookies. C&rsquo;est pour votre commodit\u00e9 afin que vous n&rsquo;ayez pas \u00e0 remplir vos coordonn\u00e9es \u00e0 nouveau lorsque vous laissez un autre commentaire. Ces cookies dureront un an. Cookies Si vous visitez notre page de connexion, nous installerons un cookie temporaire pour d\u00e9terminer si votre navigateur accepte les cookies. Ce cookie ne contient aucune donn\u00e9e personnelle et est supprim\u00e9 lorsque vous fermez votre navigateur. Lorsque vous vous connectez, nous allons \u00e9galement mettre en place plusieurs cookies pour enregistrer vos informations de connexion et vos choix d&rsquo;affichage \u00e0 l&rsquo;\u00e9cran. Les cookies de connexion durent deux jours et les cookies d&rsquo;options d&rsquo;\u00e9cran durent un an. Si vous s\u00e9lectionnez \u00abSe souvenir de moi\u00bb, votre connexion persistera pendant deux semaines. Si vous vous d\u00e9connectez de votre compte, les cookies de connexion seront supprim\u00e9s. Contenu int\u00e9gr\u00e9 provenant d&rsquo;autres sites Web Les pages de ce site peuvent inclure du contenu int\u00e9gr\u00e9 (par exemple, des vid\u00e9os, des images, des articles, etc.). Le contenu int\u00e9gr\u00e9 provenant d&rsquo;autres sites Web se comporte exactement de la m\u00eame mani\u00e8re que si le visiteur avait visit\u00e9 l&rsquo;autre site Web. Ces sites Web peuvent collecter des donn\u00e9es sur vous, utiliser des cookies, int\u00e9grer un suivi tiers suppl\u00e9mentaire et surveiller votre interaction avec ce contenu int\u00e9gr\u00e9, y compris le suivi de votre interaction avec le contenu int\u00e9gr\u00e9 si vous avez un compte et \u00eates connect\u00e9 \u00e0 ce site Web. Statistiques d&rsquo;utilisation Nous \u00e9laborons des statistiques de navigation sur l&rsquo;ensemble des pages du site. Avec qui partageons-nous vos donn\u00e9es Nous ne partageons vos informations personnelles avec personne, except\u00e9 pour le transport lors d&rsquo;une commande afin de pouvoir effectuer la livraison. Combien de temps nous conservons vos donn\u00e9es Pour les utilisateurs qui s&rsquo;inscrivent sur notre site Web (le cas \u00e9ch\u00e9ant), nous stockons \u00e9galement les informations personnelles qu&rsquo;ils fournissent dans leur profil d&rsquo;utilisateur. Tous les utilisateurs peuvent voir, modifier ou supprimer leurs informations personnelles \u00e0 tout moment (sauf qu&rsquo;ils ne peuvent pas changer leur nom d&rsquo;utilisateur). Les administrateurs de sites Web peuvent \u00e9galement voir et modifier ces informations sur simple demande \u00e0 contact@fleuretbonbon.com. Au bout de 3 ans dans activit\u00e9s sur notre site, nous nous engageons \u00e0 supprimer vos informations personnelles. Quels droits vous avez sur vos donn\u00e9es Si vous avez un compte sur ce site, vous pouvez demander \u00e0 recevoir un fichier export\u00e9 des donn\u00e9es personnelles que nous d\u00e9tenons \u00e0 votre sujet, y compris toutes les donn\u00e9es que vous nous avez fournies. Vous pouvez \u00e9galement demander que nous effacions toutes les donn\u00e9es personnelles que nous d\u00e9tenons \u00e0 votre sujet. Cela ne comprend pas les donn\u00e9es que nous sommes tenus de conserver \u00e0 des fins administratives, juridiques ou de s\u00e9curit\u00e9. Votre contact : contact@fleuretbonbon.com","og_url":"https:\/\/fleuretbonbon.com\/fr\/privacy-policy\/","og_site_name":"Fleur et Bonbon","article_modified_time":"2019-12-13T21:36:14+00:00","twitter_card":"summary_large_image","twitter_misc":{"Dur\u00e9e de lecture estim\u00e9e":"5 minutes"},"schema":{"@context":"https:\/\/schema.org","@graph":[{"@type":"Organization","@id":"https:\/\/fleuretbonbon.com\/fr\/#organization","name":"Fleur et Bonbon","url":"https:\/\/fleuretbonbon.com\/fr\/","sameAs":[],"logo":{"@type":"ImageObject","inLanguage":"fr-FR","@id":"https:\/\/fleuretbonbon.com\/fr\/#\/schema\/logo\/image\/","url":"https:\/\/fleuretbonbon.com\/wp-content\/uploads\/2019\/12\/Logo-final2.jpg","contentUrl":"https:\/\/fleuretbonbon.com\/wp-content\/uploads\/2019\/12\/Logo-final2.jpg","width":1149,"height":155,"caption":"Fleur et Bonbon"},"image":{"@id":"https:\/\/fleuretbonbon.com\/fr\/#\/schema\/logo\/image\/"}},{"@type":"WebSite","@id":"https:\/\/fleuretbonbon.com\/fr\/#website","url":"https:\/\/fleuretbonbon.com\/fr\/","name":"Fleur et Bonbon","description":"Laine teinte \u00e0 la main - Patrons de tricot","publisher":{"@id":"https:\/\/fleuretbonbon.com\/fr\/#organization"},"potentialAction":[{"@type":"SearchAction","target":{"@type":"EntryPoint","urlTemplate":"https:\/\/fleuretbonbon.com\/fr\/?s={search_term_string}"},"query-input":"required name=search_term_string"}],"inLanguage":"fr-FR"},{"@type":"WebPage","@id":"https:\/\/fleuretbonbon.com\/fr\/privacy-policy\/#webpage","url":"https:\/\/fleuretbonbon.com\/fr\/privacy-policy\/","name":"Politique de confidentialit\u00e9 - Fleur et Bonbon","isPartOf":{"@id":"https:\/\/fleuretbonbon.com\/fr\/#website"},"datePublished":"2019-11-17T22:18:35+00:00","dateModified":"2019-12-13T21:36:14+00:00","breadcrumb":{"@id":"https:\/\/fleuretbonbon.com\/fr\/privacy-policy\/#breadcrumb"},"inLanguage":"fr-FR","potentialAction":[{"@type":"ReadAction","target":["https:\/\/fleuretbonbon.com\/fr\/privacy-policy\/"]}]},{"@type":"BreadcrumbList","@id":"https:\/\/fleuretbonbon.com\/fr\/privacy-policy\/#breadcrumb","itemListElement":[{"@type":"ListItem","position":1,"name":"Accueil","item":"https:\/\/fleuretbonbon.com\/fr\/"},{"@type":"ListItem","position":2,"name":"Politique de confidentialit\u00e9"}]}]}},"_links":{"self":[{"href":"https:\/\/fleuretbonbon.com\/fr\/wp-json\/wp\/v2\/pages\/3"}],"collection":[{"href":"https:\/\/fleuretbonbon.com\/fr\/wp-json\/wp\/v2\/pages"}],"about":[{"href":"https:\/\/fleuretbonbon.com\/fr\/wp-json\/wp\/v2\/types\/page"}],"author":[{"embeddable":true,"href":"https:\/\/fleuretbonbon.com\/fr\/wp-json\/wp\/v2\/users\/1"}],"replies":[{"embeddable":true,"href":"https:\/\/fleuretbonbon.com\/fr\/wp-json\/wp\/v2\/comments?post=3"}],"version-history":[{"count":9,"href":"https:\/\/fleuretbonbon.com\/fr\/wp-json\/wp\/v2\/pages\/3\/revisions"}],"predecessor-version":[{"id":1293,"href":"https:\/\/fleuretbonbon.com\/fr\/wp-json\/wp\/v2\/pages\/3\/revisions\/1293"}],"wp:attachment":[{"href":"https:\/\/fleuretbonbon.com\/fr\/wp-json\/wp\/v2\/media?parent=3"}],"curies":[{"name":"wp","href":"https:\/\/api.w.org\/{rel}","templated":true}]}}