{"id":1074,"date":"2019-12-08T19:29:35","date_gmt":"2019-12-08T23:29:35","guid":{"rendered":"https:\/\/fleuretbonbon.com\/?post_type=product&#038;p=1074"},"modified":"2021-09-11T15:49:24","modified_gmt":"2021-09-11T19:49:24","slug":"soyeuse-framboise-vanille-fraise","status":"publish","type":"product","link":"https:\/\/fleuretbonbon.com\/en\/produit\/soyeuse-framboise-vanille-fraise\/","title":{"rendered":"Soyeuse Framboise, Vanille, Fraise"},"content":{"rendered":"<p>Kit of 3 skeins Soyeuse (Silky) Framboise, Vanille and Fraise.<\/p>\n<p class=\"p1\">For more information, click on the link of each skein.<\/p>\n<p><\/p>","protected":false},"excerpt":{"rendered":"<p>The price is for the kit of 3 skeins in Canadian dollars.<\/p>\n<p>Suggested patterns :<\/p>\n<p><a href=\"https:\/\/www.ravelry.com\/patterns\/library\/candy-36\"><img loading=\"lazy\" class=\"alignnone wp-image-1077 size-thumbnail\" src=\"https:\/\/fleuretbonbon.com\/wp-content\/uploads\/2019\/12\/Candy-150x150.jpg\" alt=\"\" width=\"100\" height=\"100\" srcset=\"https:\/\/fleuretbonbon.com\/wp-content\/uploads\/2019\/12\/Candy-150x150.jpg 150w, https:\/\/fleuretbonbon.com\/wp-content\/uploads\/2019\/12\/Candy-300x300.jpg 300w, https:\/\/fleuretbonbon.com\/wp-content\/uploads\/2019\/12\/Candy-75x75.jpg 75w, https:\/\/fleuretbonbon.com\/wp-content\/uploads\/2019\/12\/Candy-100x100.jpg 100w\" sizes=\"(max-width: 100px) 100vw, 100px\" \/><\/a><\/p>\n<p><a href=\"https:\/\/www.ravelry.com\/patterns\/library\/nature--sea\"><img loading=\"lazy\" class=\"alignnone wp-image-1078 size-thumbnail\" src=\"https:\/\/fleuretbonbon.com\/wp-content\/uploads\/2019\/12\/Nature-Sea-150x150.jpg\" alt=\"\" width=\"100\" height=\"100\" srcset=\"https:\/\/fleuretbonbon.com\/wp-content\/uploads\/2019\/12\/Nature-Sea-150x150.jpg 150w, https:\/\/fleuretbonbon.com\/wp-content\/uploads\/2019\/12\/Nature-Sea-300x300.jpg 300w, https:\/\/fleuretbonbon.com\/wp-content\/uploads\/2019\/12\/Nature-Sea-75x75.jpg 75w, https:\/\/fleuretbonbon.com\/wp-content\/uploads\/2019\/12\/Nature-Sea-100x100.jpg 100w\" sizes=\"(max-width: 100px) 100vw, 100px\" \/><\/a><\/p>\n","protected":false},"featured_media":1081,"template":"","meta":{"spay_email":"","jetpack_publicize_message":"","jetpack_is_tweetstorm":false,"jetpack_publicize_feature_enabled":true},"yoast_head":"<!-- This site is optimized with the Yoast SEO plugin v19.0 - https:\/\/yoast.com\/wordpress\/plugins\/seo\/ -->\n<title>Soyeuse Framboise, Vanille, Fraise - Fleur et Bonbon<\/title>\n<meta name=\"robots\" content=\"noindex, follow\" \/>\n<meta property=\"og:locale\" content=\"en_US\" \/>\n<meta property=\"og:type\" content=\"article\" \/>\n<meta property=\"og:title\" content=\"Soyeuse Framboise, Vanille, Fraise - Fleur et Bonbon\" \/>\n<meta property=\"og:description\" content=\"[:fr]Prix pour le kit de 3 \u00e9cheveaux en dollars canadiens.  Patrons sugg\u00e9r\u00e9s :      [:en]The price is for the kit of 3 skeins in Canadian dollars.  Suggested patterns :    [:]\" \/>\n<meta property=\"og:url\" content=\"https:\/\/fleuretbonbon.com\/en\/produit\/soyeuse-framboise-vanille-fraise\/\" \/>\n<meta property=\"og:site_name\" content=\"Fleur et Bonbon\" \/>\n<meta property=\"article:modified_time\" content=\"2021-09-11T19:49:24+00:00\" \/>\n<meta property=\"og:image\" content=\"https:\/\/fleuretbonbon.com\/wp-content\/uploads\/2019\/12\/Soyeuse-Framboise-Vanille-Fraise-scaled.jpg\" \/>\n\t<meta property=\"og:image:width\" content=\"1707\" \/>\n\t<meta property=\"og:image:height\" content=\"2560\" \/>\n\t<meta property=\"og:image:type\" content=\"image\/jpeg\" \/>\n<meta name=\"twitter:card\" content=\"summary_large_image\" \/>\n<script type=\"application\/ld+json\" class=\"yoast-schema-graph\">{\"@context\":\"https:\/\/schema.org\",\"@graph\":[{\"@type\":\"Organization\",\"@id\":\"https:\/\/fleuretbonbon.com\/fr\/#organization\",\"name\":\"Fleur et Bonbon\",\"url\":\"https:\/\/fleuretbonbon.com\/fr\/\",\"sameAs\":[],\"logo\":{\"@type\":\"ImageObject\",\"inLanguage\":\"en-US\",\"@id\":\"https:\/\/fleuretbonbon.com\/fr\/#\/schema\/logo\/image\/\",\"url\":\"https:\/\/fleuretbonbon.com\/wp-content\/uploads\/2019\/12\/Logo-final2.jpg\",\"contentUrl\":\"https:\/\/fleuretbonbon.com\/wp-content\/uploads\/2019\/12\/Logo-final2.jpg\",\"width\":1149,\"height\":155,\"caption\":\"Fleur et Bonbon\"},\"image\":{\"@id\":\"https:\/\/fleuretbonbon.com\/fr\/#\/schema\/logo\/image\/\"}},{\"@type\":\"WebSite\",\"@id\":\"https:\/\/fleuretbonbon.com\/fr\/#website\",\"url\":\"https:\/\/fleuretbonbon.com\/fr\/\",\"name\":\"Fleur et Bonbon\",\"description\":\"Hand-dyed yarn - Knitting patterns\",\"publisher\":{\"@id\":\"https:\/\/fleuretbonbon.com\/fr\/#organization\"},\"potentialAction\":[{\"@type\":\"SearchAction\",\"target\":{\"@type\":\"EntryPoint\",\"urlTemplate\":\"https:\/\/fleuretbonbon.com\/fr\/?s={search_term_string}\"},\"query-input\":\"required name=search_term_string\"}],\"inLanguage\":\"en-US\"},{\"@type\":\"ImageObject\",\"inLanguage\":\"en-US\",\"@id\":\"https:\/\/fleuretbonbon.com\/en\/produit\/soyeuse-framboise-vanille-fraise\/#primaryimage\",\"url\":\"https:\/\/fleuretbonbon.com\/wp-content\/uploads\/2019\/12\/Soyeuse-Framboise-Vanille-Fraise-scaled.jpg\",\"contentUrl\":\"https:\/\/fleuretbonbon.com\/wp-content\/uploads\/2019\/12\/Soyeuse-Framboise-Vanille-Fraise-scaled.jpg\",\"width\":1707,\"height\":2560},{\"@type\":\"WebPage\",\"@id\":\"https:\/\/fleuretbonbon.com\/en\/produit\/soyeuse-framboise-vanille-fraise\/#webpage\",\"url\":\"https:\/\/fleuretbonbon.com\/en\/produit\/soyeuse-framboise-vanille-fraise\/\",\"name\":\"Soyeuse Framboise, Vanille, Fraise - Fleur et Bonbon\",\"isPartOf\":{\"@id\":\"https:\/\/fleuretbonbon.com\/fr\/#website\"},\"primaryImageOfPage\":{\"@id\":\"https:\/\/fleuretbonbon.com\/en\/produit\/soyeuse-framboise-vanille-fraise\/#primaryimage\"},\"datePublished\":\"2019-12-08T23:29:35+00:00\",\"dateModified\":\"2021-09-11T19:49:24+00:00\",\"breadcrumb\":{\"@id\":\"https:\/\/fleuretbonbon.com\/en\/produit\/soyeuse-framboise-vanille-fraise\/#breadcrumb\"},\"inLanguage\":\"en-US\",\"potentialAction\":[{\"@type\":\"ReadAction\",\"target\":[\"https:\/\/fleuretbonbon.com\/en\/produit\/soyeuse-framboise-vanille-fraise\/\"]}]},{\"@type\":\"BreadcrumbList\",\"@id\":\"https:\/\/fleuretbonbon.com\/en\/produit\/soyeuse-framboise-vanille-fraise\/#breadcrumb\",\"itemListElement\":[{\"@type\":\"ListItem\",\"position\":1,\"name\":\"Accueil\",\"item\":\"https:\/\/fleuretbonbon.com\/fr\/\"},{\"@type\":\"ListItem\",\"position\":2,\"name\":\"Boutique\",\"item\":\"https:\/\/fleuretbonbon.com\/fr\/boutique\/\"},{\"@type\":\"ListItem\",\"position\":3,\"name\":\"Soyeuse Framboise, Vanille, Fraise\"}]}]}<\/script>\n<!-- \/ Yoast SEO plugin. -->","yoast_head_json":{"title":"Soyeuse Framboise, Vanille, Fraise - Fleur et Bonbon","robots":{"index":"noindex","follow":"follow"},"og_locale":"en_US","og_type":"article","og_title":"Soyeuse Framboise, Vanille, Fraise - Fleur et Bonbon","og_description":"[:fr]Prix pour le kit de 3 \u00e9cheveaux en dollars canadiens.  Patrons sugg\u00e9r\u00e9s :      [:en]The price is for the kit of 3 skeins in Canadian dollars.  Suggested patterns :    [:]","og_url":"https:\/\/fleuretbonbon.com\/en\/produit\/soyeuse-framboise-vanille-fraise\/","og_site_name":"Fleur et Bonbon","article_modified_time":"2021-09-11T19:49:24+00:00","og_image":[{"width":1707,"height":2560,"url":"https:\/\/fleuretbonbon.com\/wp-content\/uploads\/2019\/12\/Soyeuse-Framboise-Vanille-Fraise-scaled.jpg","type":"image\/jpeg"}],"twitter_card":"summary_large_image","schema":{"@context":"https:\/\/schema.org","@graph":[{"@type":"Organization","@id":"https:\/\/fleuretbonbon.com\/fr\/#organization","name":"Fleur et Bonbon","url":"https:\/\/fleuretbonbon.com\/fr\/","sameAs":[],"logo":{"@type":"ImageObject","inLanguage":"en-US","@id":"https:\/\/fleuretbonbon.com\/fr\/#\/schema\/logo\/image\/","url":"https:\/\/fleuretbonbon.com\/wp-content\/uploads\/2019\/12\/Logo-final2.jpg","contentUrl":"https:\/\/fleuretbonbon.com\/wp-content\/uploads\/2019\/12\/Logo-final2.jpg","width":1149,"height":155,"caption":"Fleur et Bonbon"},"image":{"@id":"https:\/\/fleuretbonbon.com\/fr\/#\/schema\/logo\/image\/"}},{"@type":"WebSite","@id":"https:\/\/fleuretbonbon.com\/fr\/#website","url":"https:\/\/fleuretbonbon.com\/fr\/","name":"Fleur et Bonbon","description":"Hand-dyed yarn - Knitting patterns","publisher":{"@id":"https:\/\/fleuretbonbon.com\/fr\/#organization"},"potentialAction":[{"@type":"SearchAction","target":{"@type":"EntryPoint","urlTemplate":"https:\/\/fleuretbonbon.com\/fr\/?s={search_term_string}"},"query-input":"required name=search_term_string"}],"inLanguage":"en-US"},{"@type":"ImageObject","inLanguage":"en-US","@id":"https:\/\/fleuretbonbon.com\/en\/produit\/soyeuse-framboise-vanille-fraise\/#primaryimage","url":"https:\/\/fleuretbonbon.com\/wp-content\/uploads\/2019\/12\/Soyeuse-Framboise-Vanille-Fraise-scaled.jpg","contentUrl":"https:\/\/fleuretbonbon.com\/wp-content\/uploads\/2019\/12\/Soyeuse-Framboise-Vanille-Fraise-scaled.jpg","width":1707,"height":2560},{"@type":"WebPage","@id":"https:\/\/fleuretbonbon.com\/en\/produit\/soyeuse-framboise-vanille-fraise\/#webpage","url":"https:\/\/fleuretbonbon.com\/en\/produit\/soyeuse-framboise-vanille-fraise\/","name":"Soyeuse Framboise, Vanille, Fraise - Fleur et Bonbon","isPartOf":{"@id":"https:\/\/fleuretbonbon.com\/fr\/#website"},"primaryImageOfPage":{"@id":"https:\/\/fleuretbonbon.com\/en\/produit\/soyeuse-framboise-vanille-fraise\/#primaryimage"},"datePublished":"2019-12-08T23:29:35+00:00","dateModified":"2021-09-11T19:49:24+00:00","breadcrumb":{"@id":"https:\/\/fleuretbonbon.com\/en\/produit\/soyeuse-framboise-vanille-fraise\/#breadcrumb"},"inLanguage":"en-US","potentialAction":[{"@type":"ReadAction","target":["https:\/\/fleuretbonbon.com\/en\/produit\/soyeuse-framboise-vanille-fraise\/"]}]},{"@type":"BreadcrumbList","@id":"https:\/\/fleuretbonbon.com\/en\/produit\/soyeuse-framboise-vanille-fraise\/#breadcrumb","itemListElement":[{"@type":"ListItem","position":1,"name":"Accueil","item":"https:\/\/fleuretbonbon.com\/fr\/"},{"@type":"ListItem","position":2,"name":"Boutique","item":"https:\/\/fleuretbonbon.com\/fr\/boutique\/"},{"@type":"ListItem","position":3,"name":"Soyeuse Framboise, Vanille, Fraise"}]}]}},"_links":{"self":[{"href":"https:\/\/fleuretbonbon.com\/en\/wp-json\/wp\/v2\/product\/1074"}],"collection":[{"href":"https:\/\/fleuretbonbon.com\/en\/wp-json\/wp\/v2\/product"}],"about":[{"href":"https:\/\/fleuretbonbon.com\/en\/wp-json\/wp\/v2\/types\/product"}],"wp:featuredmedia":[{"embeddable":true,"href":"https:\/\/fleuretbonbon.com\/en\/wp-json\/wp\/v2\/media\/1081"}],"wp:attachment":[{"href":"https:\/\/fleuretbonbon.com\/en\/wp-json\/wp\/v2\/media?parent=1074"}],"curies":[{"name":"wp","href":"https:\/\/api.w.org\/{rel}","templated":true}]}}